{"id":2763,"date":"2024-03-29T18:30:32","date_gmt":"2024-03-29T17:30:32","guid":{"rendered":"https:\/\/tickets.peoplefone.shop\/?page_id=2763"},"modified":"2026-03-04T17:22:38","modified_gmt":"2026-03-04T16:22:38","slug":"peoplefone-roadshow-2025","status":"publish","type":"page","link":"https:\/\/tickets.peoplefone.shop\/?page_id=2763&lang=fr","title":{"rendered":"peoplefone Roadshow 2025"},"content":{"rendered":"\t\t<div data-elementor-type=\"wp-page\" data-elementor-id=\"2763\" class=\"elementor elementor-2763 elementor-1841\" data-elementor-post-type=\"page\">\n\t\t\t\t<div class=\"elementor-element elementor-element-ee9f5fd e-flex e-con-boxed e-con e-parent\" data-id=\"ee9f5fd\" data-element_type=\"container\" data-e-type=\"container\">\n\t\t\t\t\t<div class=\"e-con-inner\">\n\t\t<div class=\"elementor-element elementor-element-215a27b e-con-full e-flex e-con e-child\" data-id=\"215a27b\" data-element_type=\"container\" data-e-type=\"container\">\n\t\t\t\t<div class=\"elementor-element elementor-element-52b6b24 elementor-widget elementor-widget-image\" data-id=\"52b6b24\" data-element_type=\"widget\" data-e-type=\"widget\" data-widget_type=\"image.default\">\n\t\t\t\t<div class=\"elementor-widget-container\">\n\t\t\t\t\t\t\t\t\t\t\t\t\t\t\t<img fetchpriority=\"high\" decoding=\"async\" width=\"843\" height=\"562\" src=\"https:\/\/tickets.peoplefone.shop\/wp-content\/uploads\/2025\/03\/Roadshow_2025_image_smaller.png\" class=\"attachment-large size-large wp-image-2799\" alt=\"\" srcset=\"https:\/\/tickets.peoplefone.shop\/wp-content\/uploads\/2025\/03\/Roadshow_2025_image_smaller.png 966w, https:\/\/tickets.peoplefone.shop\/wp-content\/uploads\/2025\/03\/Roadshow_2025_image_smaller-300x200.png 300w, https:\/\/tickets.peoplefone.shop\/wp-content\/uploads\/2025\/03\/Roadshow_2025_image_smaller-768x512.png 768w\" sizes=\"(max-width: 843px) 100vw, 843px\" \/>\t\t\t\t\t\t\t\t\t\t\t\t\t\t\t<\/div>\n\t\t\t\t<\/div>\n\t\t\t\t<div class=\"elementor-element elementor-element-abea3ca elementor-widget elementor-widget-spacer\" data-id=\"abea3ca\" data-element_type=\"widget\" data-e-type=\"widget\" data-widget_type=\"spacer.default\">\n\t\t\t\t<div class=\"elementor-widget-container\">\n\t\t\t\t\t\t\t<div class=\"elementor-spacer\">\n\t\t\t<div class=\"elementor-spacer-inner\"><\/div>\n\t\t<\/div>\n\t\t\t\t\t\t<\/div>\n\t\t\t\t<\/div>\n\t\t\t\t<div class=\"elementor-element elementor-element-a1c722c elementor-widget elementor-widget-heading\" data-id=\"a1c722c\" data-element_type=\"widget\" data-e-type=\"widget\" data-widget_type=\"heading.default\">\n\t\t\t\t<div class=\"elementor-widget-container\">\n\t\t\t\t\t<h3 class=\"elementor-heading-title elementor-size-default\">Programme<\/h3>\t\t\t\t<\/div>\n\t\t\t\t<\/div>\n\t\t\t\t<div class=\"elementor-element elementor-element-b67998a elementor-widget elementor-widget-text-editor\" data-id=\"b67998a\" data-element_type=\"widget\" data-e-type=\"widget\" data-widget_type=\"text-editor.default\">\n\t\t\t\t<div class=\"elementor-widget-container\">\n\t\t\t\t\t\t\t\t\t<p><b>14h00 Uhr Arriv\u00e9e<br \/><\/b><span style=\"color: var( --e-global-color-text ); font-family: var( --e-global-typography-text-font-family ), Sans-serif; text-align: var(--text-align);\"><b>14h30 Uhr<\/b><\/span><span style=\"color: var( --e-global-color-text ); font-family: var( --e-global-typography-text-font-family ), Sans-serif; font-weight: var( --e-global-typography-text-font-weight ); text-align: var(--text-align);\"> D\u00e9but des expos\u00e9s et des d\u00e9monstrations en direct<br \/><\/span><span style=\"color: var( --e-global-color-text ); font-family: var( --e-global-typography-text-font-family ), Sans-serif; text-align: var(--text-align);\"><b>17h30 Uhr<\/b><\/span><span style=\"color: var( --e-global-color-text ); font-family: var( --e-global-typography-text-font-family ), Sans-serif; font-weight: var( --e-global-typography-text-font-weight ); text-align: var(--text-align);\"> Fin des expos\u00e9s et sondage<br \/><\/span><span style=\"color: var( --e-global-color-text ); font-family: var( --e-global-typography-text-font-family ), Sans-serif; text-align: var(--text-align);\"><b>18h00 Uhr<\/b><\/span><span style=\"color: var( --e-global-color-text ); font-family: var( --e-global-typography-text-font-family ), Sans-serif; font-weight: var( --e-global-typography-text-font-weight ); text-align: var(--text-align);\"> Fin de l&#8217;\u00e9v\u00e9nement<\/span><\/p>\t\t\t\t\t\t\t\t<\/div>\n\t\t\t\t<\/div>\n\t\t\t\t<div class=\"elementor-element elementor-element-b3c38d5 elementor-widget elementor-widget-heading\" data-id=\"b3c38d5\" data-element_type=\"widget\" data-e-type=\"widget\" data-widget_type=\"heading.default\">\n\t\t\t\t<div class=\"elementor-widget-container\">\n\t\t\t\t\t<h3 class=\"elementor-heading-title elementor-size-default\">Inscription<\/h3>\t\t\t\t<\/div>\n\t\t\t\t<\/div>\n\t\t\t\t<div class=\"elementor-element elementor-element-2cad162 elementor-align-justify elementor-widget elementor-widget-button\" data-id=\"2cad162\" data-element_type=\"widget\" data-e-type=\"widget\" data-widget_type=\"button.default\">\n\t\t\t\t<div class=\"elementor-widget-container\">\n\t\t\t\t\t\t\t\t\t<div class=\"elementor-button-wrapper\">\n\t\t\t\t\t<a class=\"elementor-button elementor-button-link elementor-size-md\" href=\"https:\/\/tickets.peoplefone.shop\/?page_id=348&#038;lang=fr\">\n\t\t\t\t\t\t<span class=\"elementor-button-content-wrapper\">\n\t\t\t\t\t\t\t\t\t<span class=\"elementor-button-text\">22. Avril 2025 - Gen\u00e9ve<\/span>\n\t\t\t\t\t<\/span>\n\t\t\t\t\t<\/a>\n\t\t\t\t<\/div>\n\t\t\t\t\t\t\t\t<\/div>\n\t\t\t\t<\/div>\n\t\t\t\t<div class=\"elementor-element elementor-element-644b194 elementor-align-justify elementor-widget elementor-widget-button\" data-id=\"644b194\" data-element_type=\"widget\" data-e-type=\"widget\" data-widget_type=\"button.default\">\n\t\t\t\t<div class=\"elementor-widget-container\">\n\t\t\t\t\t\t\t\t\t<div class=\"elementor-button-wrapper\">\n\t\t\t\t\t<a class=\"elementor-button elementor-button-link elementor-size-md\" href=\"https:\/\/tickets.peoplefone.shop\/?page_id=348&#038;lang=fr\">\n\t\t\t\t\t\t<span class=\"elementor-button-content-wrapper\">\n\t\t\t\t\t\t\t\t\t<span class=\"elementor-button-text\">30. Avril 2026 - Neuch\u00e2tel<\/span>\n\t\t\t\t\t<\/span>\n\t\t\t\t\t<\/a>\n\t\t\t\t<\/div>\n\t\t\t\t\t\t\t\t<\/div>\n\t\t\t\t<\/div>\n\t\t\t\t<div class=\"elementor-element elementor-element-7aeaef4 elementor-align-justify elementor-widget elementor-widget-button\" data-id=\"7aeaef4\" data-element_type=\"widget\" data-e-type=\"widget\" data-widget_type=\"button.default\">\n\t\t\t\t<div class=\"elementor-widget-container\">\n\t\t\t\t\t\t\t\t\t<div class=\"elementor-button-wrapper\">\n\t\t\t\t\t<a class=\"elementor-button elementor-button-link elementor-size-md\" href=\"https:\/\/tickets.peoplefone.shop\/?page_id=348&#038;lang=fr\">\n\t\t\t\t\t\t<span class=\"elementor-button-content-wrapper\">\n\t\t\t\t\t\t\t\t\t<span class=\"elementor-button-text\">06. Mai 2026 - Lausanne<\/span>\n\t\t\t\t\t<\/span>\n\t\t\t\t\t<\/a>\n\t\t\t\t<\/div>\n\t\t\t\t\t\t\t\t<\/div>\n\t\t\t\t<\/div>\n\t\t\t\t<\/div>\n\t\t<div class=\"elementor-element elementor-element-ba9244e e-con-full e-flex e-con e-child\" data-id=\"ba9244e\" data-element_type=\"container\" data-e-type=\"container\">\n\t\t<div class=\"elementor-element elementor-element-b8b50c4 e-flex e-con-boxed e-con e-child\" data-id=\"b8b50c4\" data-element_type=\"container\" data-e-type=\"container\">\n\t\t\t\t\t<div class=\"e-con-inner\">\n\t\t\t\t<div class=\"elementor-element elementor-element-2c4f39d elementor-widget elementor-widget-heading\" data-id=\"2c4f39d\" data-element_type=\"widget\" data-e-type=\"widget\" data-widget_type=\"heading.default\">\n\t\t\t\t<div class=\"elementor-widget-container\">\n\t\t\t\t\t<h3 class=\"elementor-heading-title elementor-size-default\">Nos points forts :<\/h3>\t\t\t\t<\/div>\n\t\t\t\t<\/div>\n\t\t\t\t<div class=\"elementor-element elementor-element-e932c92 elementor-widget elementor-widget-text-editor\" data-id=\"e932c92\" data-element_type=\"widget\" data-e-type=\"widget\" data-widget_type=\"text-editor.default\">\n\t\t\t\t<div class=\"elementor-widget-container\">\n\t\t\t\t\t\t\t\t\t<p>Cette ann\u00e9e, notre roadshow est plac\u00e9 sous le signe de nouveaux outils et de nouveaux produits que nous avons d\u00e9velopp\u00e9s ou commercialis\u00e9s. Notre offre \u00e9prouv\u00e9e n&#8217;est pas en reste.<\/p><p>Nous avons en r\u00e9serve plusieurs mises \u00e0 jour int\u00e9ressantes pour vous.<\/p><p>En collaboration avec nos partenaires roadshows\u00a0<strong>Alcatel-Lucent Enterprise<\/strong>,\u00a0<strong>Suprag AG<\/strong>\u00a0et\u00a0<strong>Studerus AG<\/strong>, nous nous r\u00e9jouissons de vous accueillir en mai et juin \u00e0 l&#8217;un des endroits suivants. Tous les roadshows commencent \u00e0 14h00<\/p>\t\t\t\t\t\t\t\t<\/div>\n\t\t\t\t<\/div>\n\t\t\t\t\t<\/div>\n\t\t\t\t<\/div>\n\t\t<div class=\"elementor-element elementor-element-ecc435d e-flex e-con-boxed e-con e-child\" data-id=\"ecc435d\" data-element_type=\"container\" data-e-type=\"container\">\n\t\t\t\t\t<div class=\"e-con-inner\">\n\t\t\t\t<div class=\"elementor-element elementor-element-a22af8d elementor-widget elementor-widget-heading\" data-id=\"a22af8d\" data-element_type=\"widget\" data-e-type=\"widget\" data-widget_type=\"heading.default\">\n\t\t\t\t<div class=\"elementor-widget-container\">\n\t\t\t\t\t<h3 class=\"elementor-heading-title elementor-size-default\">Points forts du roadshow<\/h3>\t\t\t\t<\/div>\n\t\t\t\t<\/div>\n\t\t\t\t\t<\/div>\n\t\t\t\t<\/div>\n\t\t\t\t<div class=\"elementor-element elementor-element-0602c80 elementor--h-position-center elementor--v-position-middle elementor-widget elementor-widget-slides\" data-id=\"0602c80\" data-element_type=\"widget\" data-e-type=\"widget\" data-settings=\"{&quot;navigation&quot;:&quot;none&quot;,&quot;transition&quot;:&quot;fade&quot;,&quot;autoplay&quot;:&quot;yes&quot;,&quot;pause_on_hover&quot;:&quot;yes&quot;,&quot;pause_on_interaction&quot;:&quot;yes&quot;,&quot;autoplay_speed&quot;:5000,&quot;infinite&quot;:&quot;yes&quot;,&quot;transition_speed&quot;:500}\" data-widget_type=\"slides.default\">\n\t\t\t\t<div class=\"elementor-widget-container\">\n\t\t\t\t\t\t\t\t\t<div class=\"elementor-swiper\">\n\t\t\t\t\t<div class=\"elementor-slides-wrapper elementor-main-swiper swiper\" role=\"region\" aria-roledescription=\"carousel\" aria-label=\"Slider\" dir=\"ltr\" data-animation=\"fadeInUp\">\n\t\t\t\t<div class=\"swiper-wrapper elementor-slides\">\n\t\t\t\t\t\t\t\t\t\t<div class=\"elementor-repeater-item-77e98d8 swiper-slide\" role=\"group\" aria-roledescription=\"slide\"><div class=\"swiper-slide-bg\" role=\"img\" aria-label=\"PFE_logo_cmyk\"><\/div><div class=\"elementor-background-overlay\"><\/div><div class=\"swiper-slide-inner\" ><div class=\"swiper-slide-contents\"><div class=\"elementor-slide-heading\">peoplefone HOSTEDplus<\/div><div class=\"elementor-slide-description\">La nouvelle version am\u00e9lior\u00e9e de peoplefone HOSTED est presque pr\u00eate. Nous vous pr\u00e9sentons toutes les nouvelles fonctions, y compris le nouveau Visual Call Flow Designer.<\/div><\/div><\/div><\/div><div class=\"elementor-repeater-item-defb26d swiper-slide\" role=\"group\" aria-roledescription=\"slide\"><div class=\"swiper-slide-bg\" role=\"img\" aria-label=\"PFE_logo_cmyk\"><\/div><div class=\"elementor-background-overlay\"><\/div><div class=\"swiper-slide-inner\" ><div class=\"swiper-slide-contents\"><div class=\"elementor-slide-heading\">peopleone STUDIO<\/div><div class=\"elementor-slide-description\">Vous ou vos clients en avez assez des r\u00e9unions en ligne ennuyeuses ? Essayez en direct comment peoplefone STUDIO rend vos r\u00e9unions d'\u00e9quipe plus vivantes.<\/div><\/div><\/div><\/div><div class=\"elementor-repeater-item-103edad swiper-slide\" role=\"group\" aria-roledescription=\"slide\"><div class=\"swiper-slide-bg\" role=\"img\" aria-label=\"suprag_logo\"><\/div><div class=\"elementor-background-overlay\"><\/div><div class=\"swiper-slide-inner\" ><div class=\"swiper-slide-contents\"><div class=\"elementor-slide-heading\">Journalisation assist\u00e9e par IA<\/div><div class=\"elementor-slide-description\">SUPRAG pr\u00e9sente un nouvel outil d'IA qui peut effectuer des comptes rendus de r\u00e9unions au niveau SBC.<\/div><\/div><\/div><\/div><div class=\"elementor-repeater-item-932296b swiper-slide\" role=\"group\" aria-roledescription=\"slide\"><div class=\"swiper-slide-bg\" role=\"img\" aria-label=\"alcatel-lucent_logo\"><\/div><div class=\"elementor-background-overlay\"><\/div><div class=\"swiper-slide-inner\" ><div class=\"swiper-slide-contents\"><div class=\"elementor-slide-heading\">peoplefone RAINBOW HUB<\/div><div class=\"elementor-slide-description\">Rainbow Hub est la solution UCC d'Alcatel-Lucent Enterprise. La solution sera pr\u00e9sent\u00e9e par un collaborateur d'Alcatel lors du roadshow.<\/div><\/div><\/div><\/div><div class=\"elementor-repeater-item-a4c7204 swiper-slide\" role=\"group\" aria-roledescription=\"slide\"><div class=\"swiper-slide-bg\" role=\"img\" aria-label=\"PFE_logo_cmyk\"><\/div><div class=\"elementor-background-overlay\"><\/div><div class=\"swiper-slide-inner\" ><div class=\"swiper-slide-contents\"><div class=\"elementor-slide-heading\">3CX Update<\/div><div class=\"elementor-slide-description\">Les derni\u00e8res mises \u00e0 jour de la V20 et la nouvelle gestion des licences sur votre portail peoplefone sont \u00e0 l'honneur.<\/div><\/div><\/div><\/div><div class=\"elementor-repeater-item-7d7b629 swiper-slide\" role=\"group\" aria-roledescription=\"slide\"><div class=\"swiper-slide-bg\" role=\"img\" aria-label=\"PFE_logo_cmyk\"><\/div><div class=\"elementor-background-overlay\"><\/div><div class=\"swiper-slide-inner\" ><div class=\"swiper-slide-contents\"><div class=\"elementor-slide-heading\">Microsoft Teams<\/div><div class=\"elementor-slide-description\">Operator Connect et Direct Routing, ainsi que la derni\u00e8re mise \u00e0 jour de la roadmap t\u00e9l\u00e9phonie de Microsoft sont les points forts de Microsoft Teams.<\/div><\/div><\/div><\/div><div class=\"elementor-repeater-item-9993054 swiper-slide\" role=\"group\" aria-roledescription=\"slide\"><div class=\"swiper-slide-bg\" role=\"img\" aria-label=\"PFE_logo_cmyk\"><\/div><div class=\"elementor-background-overlay\"><\/div><div class=\"swiper-slide-inner\" ><div class=\"swiper-slide-contents\"><div class=\"elementor-slide-heading\">peoplefone API<\/div><div class=\"elementor-slide-description\">Notre API est constamment d\u00e9velopp\u00e9e et peut d\u00e9sormais \u00eatre int\u00e9gr\u00e9e dans les plateformes d'automatisation make.com et Zapier. Notre d\u00e9veloppeur vous explique directement comment l'int\u00e9gration est utilisable pour les syst\u00e8mes des clients.<\/div><\/div><\/div><\/div>\t\t\t\t<\/div>\n\t\t\t\t\t\t\t\t\t\t\t\t\t\t\t\t\t\t\t\t\t<\/div>\n\t\t\t\t<\/div>\n\t\t\t\t\t\t\t\t<\/div>\n\t\t\t\t<\/div>\n\t\t\t\t<div class=\"elementor-element elementor-element-6efe191 elementor-widget elementor-widget-heading\" data-id=\"6efe191\" data-element_type=\"widget\" data-e-type=\"widget\" data-widget_type=\"heading.default\">\n\t\t\t\t<div class=\"elementor-widget-container\">\n\t\t\t\t\t<h3 class=\"elementor-heading-title elementor-size-default\">Partenaire Roadshow<\/h3>\t\t\t\t<\/div>\n\t\t\t\t<\/div>\n\t\t<div class=\"elementor-element elementor-element-694cf0e e-grid e-con-full e-con e-child\" data-id=\"694cf0e\" data-element_type=\"container\" data-e-type=\"container\">\n\t\t\t\t<div class=\"elementor-element elementor-element-7f320ae elementor-widget elementor-widget-image\" data-id=\"7f320ae\" data-element_type=\"widget\" data-e-type=\"widget\" data-widget_type=\"image.default\">\n\t\t\t\t<div class=\"elementor-widget-container\">\n\t\t\t\t\t\t\t\t\t\t\t\t\t\t\t<img decoding=\"async\" width=\"611\" height=\"168\" src=\"https:\/\/tickets.peoplefone.shop\/wp-content\/uploads\/2025\/03\/alcatel-lucent_logo.png\" class=\"attachment-large size-large wp-image-2808\" alt=\"\" srcset=\"https:\/\/tickets.peoplefone.shop\/wp-content\/uploads\/2025\/03\/alcatel-lucent_logo.png 611w, https:\/\/tickets.peoplefone.shop\/wp-content\/uploads\/2025\/03\/alcatel-lucent_logo-300x82.png 300w\" sizes=\"(max-width: 611px) 100vw, 611px\" \/>\t\t\t\t\t\t\t\t\t\t\t\t\t\t\t<\/div>\n\t\t\t\t<\/div>\n\t\t\t\t<div class=\"elementor-element elementor-element-8f9a0f3 elementor-widget elementor-widget-image\" data-id=\"8f9a0f3\" data-element_type=\"widget\" data-e-type=\"widget\" data-widget_type=\"image.default\">\n\t\t\t\t<div class=\"elementor-widget-container\">\n\t\t\t\t\t\t\t\t\t\t\t\t\t\t\t<img decoding=\"async\" width=\"1\" height=\"1\" src=\"https:\/\/tickets.peoplefone.shop\/wp-content\/uploads\/2025\/03\/suprag_logo.svg\" class=\"attachment-large size-large wp-image-2804\" alt=\"\" \/>\t\t\t\t\t\t\t\t\t\t\t\t\t\t\t<\/div>\n\t\t\t\t<\/div>\n\t\t\t\t<div class=\"elementor-element elementor-element-836a38e elementor-widget elementor-widget-image\" data-id=\"836a38e\" data-element_type=\"widget\" data-e-type=\"widget\" data-widget_type=\"image.default\">\n\t\t\t\t<div class=\"elementor-widget-container\">\n\t\t\t\t\t\t\t\t\t\t\t\t\t\t\t<img loading=\"lazy\" decoding=\"async\" width=\"320\" height=\"100\" src=\"https:\/\/tickets.peoplefone.shop\/wp-content\/uploads\/2025\/03\/studerus_logo_2019.png\" class=\"attachment-large size-large wp-image-2812\" alt=\"\" srcset=\"https:\/\/tickets.peoplefone.shop\/wp-content\/uploads\/2025\/03\/studerus_logo_2019.png 320w, https:\/\/tickets.peoplefone.shop\/wp-content\/uploads\/2025\/03\/studerus_logo_2019-300x94.png 300w\" sizes=\"(max-width: 320px) 100vw, 320px\" \/>\t\t\t\t\t\t\t\t\t\t\t\t\t\t\t<\/div>\n\t\t\t\t<\/div>\n\t\t\t\t<\/div>\n\t\t\t\t<\/div>\n\t\t\t\t\t<\/div>\n\t\t\t\t<\/div>\n\t\t\t\t<\/div>\n\t\t","protected":false},"excerpt":{"rendered":"<p>Programme 14h00 Uhr Arriv\u00e9e14h30 Uhr D\u00e9but des expos\u00e9s et des d\u00e9monstrations en direct17h30 Uhr Fin des expos\u00e9s et sondage18h00 Uhr Fin de l&#8217;\u00e9v\u00e9nement Inscription 22.&hellip;<\/p>\n","protected":false},"author":1,"featured_media":0,"parent":0,"menu_order":0,"comment_status":"closed","ping_status":"closed","template":"","meta":{"footnotes":""},"class_list":["post-2763","page","type-page","status-publish","hentry"],"_links":{"self":[{"href":"https:\/\/tickets.peoplefone.shop\/index.php?rest_route=\/wp\/v2\/pages\/2763","targetHints":{"allow":["GET"]}}],"collection":[{"href":"https:\/\/tickets.peoplefone.shop\/index.php?rest_route=\/wp\/v2\/pages"}],"about":[{"href":"https:\/\/tickets.peoplefone.shop\/index.php?rest_route=\/wp\/v2\/types\/page"}],"author":[{"embeddable":true,"href":"https:\/\/tickets.peoplefone.shop\/index.php?rest_route=\/wp\/v2\/users\/1"}],"replies":[{"embeddable":true,"href":"https:\/\/tickets.peoplefone.shop\/index.php?rest_route=%2Fwp%2Fv2%2Fcomments&post=2763"}],"version-history":[{"count":16,"href":"https:\/\/tickets.peoplefone.shop\/index.php?rest_route=\/wp\/v2\/pages\/2763\/revisions"}],"predecessor-version":[{"id":3011,"href":"https:\/\/tickets.peoplefone.shop\/index.php?rest_route=\/wp\/v2\/pages\/2763\/revisions\/3011"}],"wp:attachment":[{"href":"https:\/\/tickets.peoplefone.shop\/index.php?rest_route=%2Fwp%2Fv2%2Fmedia&parent=2763"}],"curies":[{"name":"wp","href":"https:\/\/api.w.org\/{rel}","templated":true}]}}