{"id":2747,"date":"2024-12-07T12:26:51","date_gmt":"2024-12-07T11:26:51","guid":{"rendered":"https:\/\/tickets.peoplefone.shop\/?page_id=2747"},"modified":"2025-03-25T10:38:17","modified_gmt":"2025-03-25T09:38:17","slug":"peoplefone-experten-talk","status":"publish","type":"page","link":"https:\/\/tickets.peoplefone.shop\/?page_id=2747&lang=fr","title":{"rendered":"peoplefone EXPERTEN-TALK"},"content":{"rendered":"\t\t<div data-elementor-type=\"wp-page\" data-elementor-id=\"2747\" class=\"elementor elementor-2747 elementor-2190\" data-elementor-post-type=\"page\">\n\t\t\t\t<div class=\"elementor-element elementor-element-fff7ed1 e-flex e-con-boxed e-con e-parent\" data-id=\"fff7ed1\" data-element_type=\"container\" data-e-type=\"container\">\n\t\t\t\t\t<div class=\"e-con-inner\">\n\t\t<div class=\"elementor-element elementor-element-77c3695 e-con-full e-flex e-con e-child\" data-id=\"77c3695\" data-element_type=\"container\" data-e-type=\"container\">\n\t\t\t\t<div class=\"elementor-element elementor-element-61564e3 elementor-widget elementor-widget-image\" data-id=\"61564e3\" data-element_type=\"widget\" data-e-type=\"widget\" data-widget_type=\"image.default\">\n\t\t\t\t<div class=\"elementor-widget-container\">\n\t\t\t\t\t\t\t\t\t\t\t\t\t\t\t<img fetchpriority=\"high\" decoding=\"async\" width=\"843\" height=\"562\" src=\"https:\/\/tickets.peoplefone.shop\/wp-content\/uploads\/2025\/03\/Expert-Talk_image-principal-1024x683.png\" class=\"attachment-large size-large wp-image-2878\" alt=\"\" srcset=\"https:\/\/tickets.peoplefone.shop\/wp-content\/uploads\/2025\/03\/Expert-Talk_image-principal-1024x683.png 1024w, https:\/\/tickets.peoplefone.shop\/wp-content\/uploads\/2025\/03\/Expert-Talk_image-principal-300x200.png 300w, https:\/\/tickets.peoplefone.shop\/wp-content\/uploads\/2025\/03\/Expert-Talk_image-principal-768x512.png 768w, https:\/\/tickets.peoplefone.shop\/wp-content\/uploads\/2025\/03\/Expert-Talk_image-principal-1536x1024.png 1536w, https:\/\/tickets.peoplefone.shop\/wp-content\/uploads\/2025\/03\/Expert-Talk_image-principal.png 1932w\" sizes=\"(max-width: 843px) 100vw, 843px\" \/>\t\t\t\t\t\t\t\t\t\t\t\t\t\t\t<\/div>\n\t\t\t\t<\/div>\n\t\t\t\t<\/div>\n\t\t<div class=\"elementor-element elementor-element-35f19c8 e-con-full e-flex e-con e-child\" data-id=\"35f19c8\" data-element_type=\"container\" data-e-type=\"container\">\n\t\t\t\t<div class=\"elementor-element elementor-element-44ddeab elementor-widget elementor-widget-heading\" data-id=\"44ddeab\" data-element_type=\"widget\" data-e-type=\"widget\" data-widget_type=\"heading.default\">\n\t\t\t\t<div class=\"elementor-widget-container\">\n\t\t\t\t\t<h2 class=\"elementor-heading-title elementor-size-default\">peoplefone EXPERT-<i>TALK<\/i><\/h2>\t\t\t\t<\/div>\n\t\t\t\t<\/div>\n\t\t\t\t<div class=\"elementor-element elementor-element-ffbe4d1 elementor-widget elementor-widget-text-editor\" data-id=\"ffbe4d1\" data-element_type=\"widget\" data-e-type=\"widget\" data-widget_type=\"text-editor.default\">\n\t\t\t\t<div class=\"elementor-widget-container\">\n\t\t\t\t\t\t\t\t\t<p><b>Cette s\u00e9rie de <em>webinaires<\/em> a lieu \u00e0 intervalles irr\u00e9guliers.<\/b><\/p>\n<p>Les th\u00e8mes principaux sont, outre <strong>Microsoft Teams<\/strong>, <strong>3CX<\/strong> et les <strong>produits internes<\/strong> peoplefone, les tendances et les <strong>d\u00e9veloppements dans le secteur des t\u00e9l\u00e9communications.<\/strong><\/p>\n\t\t\t\t\t\t\t\t<\/div>\n\t\t\t\t<\/div>\n\t\t\t\t<\/div>\n\t\t\t\t\t<\/div>\n\t\t\t\t<\/div>\n\t\t<div class=\"elementor-element elementor-element-c8486ae e-flex e-con-boxed e-con e-parent\" data-id=\"c8486ae\" data-element_type=\"container\" data-e-type=\"container\">\n\t\t\t\t\t<div class=\"e-con-inner\">\n\t\t\t\t<div class=\"elementor-element elementor-element-12c907f elementor-widget elementor-widget-heading\" data-id=\"12c907f\" data-element_type=\"widget\" data-e-type=\"widget\" data-widget_type=\"heading.default\">\n\t\t\t\t<div class=\"elementor-widget-container\">\n\t\t\t\t\t<h4 class=\"elementor-heading-title elementor-size-default\">Dates<\/h4>\t\t\t\t<\/div>\n\t\t\t\t<\/div>\n\t\t\t\t<div class=\"elementor-element elementor-element-4ae571f elementor-widget elementor-widget-shortcode\" data-id=\"4ae571f\" data-element_type=\"widget\" data-e-type=\"widget\" data-widget_type=\"shortcode.default\">\n\t\t\t\t<div class=\"elementor-widget-container\">\n\t\t\t\t\t\t\t<div class=\"elementor-shortcode\">\n<table id=\"tablepress-225\" class=\"tablepress tablepress-id-225\">\n<thead>\n<tr class=\"row-1\">\n\t<th class=\"column-1\"><h3><strong>Date<\/strong><\/h3><\/th><th class=\"column-2\"><h3><strong>Webinar<\/strong><\/h3><\/th><th class=\"column-3\"><h3><strong>Th\u00e8me &amp; intervenant<\/strong><\/h3><\/th><th class=\"column-4\"><h3><strong>Prix<\/strong><\/h3><\/th><th class=\"column-5\"><h3><strong>Inscription<\/strong><\/h3><\/th>\n<\/tr>\n<\/thead>\n<tbody class=\"row-striping row-hover\">\n<tr class=\"row-2\">\n\t<td class=\"column-1\"><strong>18.03.2026<\/strong><br \/>\n11h00 - 11h45<\/td><td class=\"column-2\">peoplefone EXPERT-<i>TALK<\/i><\/td><td class=\"column-3\"><strong>What's new with the peoplefone Portal<\/strong><br \/>\nReferent: Daniel Passera<\/td><td class=\"column-4\">Gratuit<\/td><td class=\"column-5\"><a href=\"https:\/\/events.teams.microsoft.com\/event\/48a4e0b4-49e0-4fd2-9ca3-e53ee91bc21b@5c59c009-7b5b-46b6-8fbb-23538fe3db5c\" rel=\"noopener\" target=\"_blank\">Plus d'info<\/a><\/td>\n<\/tr>\n<tr class=\"row-3\">\n\t<td class=\"column-1\"><strong>29.04.2026<\/strong><br \/>\n11h00 - 11h45<\/td><td class=\"column-2\">peoplefone EXPERT-<i>TALK<\/i><\/td><td class=\"column-3\"><strong>peoplefone MOBILE NEWS<\/strong><br \/>\nReferent: Daniel Passera<\/td><td class=\"column-4\">Gratuit<\/td><td class=\"column-5\"><a href=\"https:\/\/events.teams.microsoft.com\/event\/0924c56c-9abe-491d-ba5c-a782ba1efec8@5c59c009-7b5b-46b6-8fbb-23538fe3db5c\" rel=\"noopener\" target=\"_blank\">Plus d'info<\/a><\/td>\n<\/tr>\n<tr class=\"row-4\">\n\t<td class=\"column-1\"><strong>28.05.2026<\/strong><br \/>\n11h00 - 11h45<\/td><td class=\"column-2\">peoplefone EXPERT-<i>TALK<\/i><\/td><td class=\"column-3\"><strong>peoplefone ELASTIC SIP-TRUNK<\/strong><br \/>\nReferent: Daniel Passera<\/td><td class=\"column-4\">Gratuit<\/td><td class=\"column-5\"><a href=\"https:\/\/events.teams.microsoft.com\/event\/310d1531-b888-42e4-9fa7-95f665af6ac1@5c59c009-7b5b-46b6-8fbb-23538fe3db5c\" rel=\"noopener\" target=\"_blank\">Plus d'info<\/a><\/td>\n<\/tr>\n<\/tbody>\n<\/table>\n<\/div>\n\t\t\t\t\t\t<\/div>\n\t\t\t\t<\/div>\n\t\t\t\t<div class=\"elementor-element elementor-element-2ee290f elementor-widget elementor-widget-heading\" data-id=\"2ee290f\" data-element_type=\"widget\" data-e-type=\"widget\" data-widget_type=\"heading.default\">\n\t\t\t\t<div class=\"elementor-widget-container\">\n\t\t\t\t\t<h2 class=\"elementor-heading-title elementor-size-default\">Les pr\u00e9c\u00e9dents peoplefone EXPERT-TALK<\/h2>\t\t\t\t<\/div>\n\t\t\t\t<\/div>\n\t\t\t\t\t<\/div>\n\t\t\t\t<\/div>\n\t\t<div class=\"elementor-element elementor-element-7238e6c e-flex e-con-boxed e-con e-parent\" data-id=\"7238e6c\" data-element_type=\"container\" data-e-type=\"container\">\n\t\t\t\t\t<div class=\"e-con-inner\">\n\t\t<div class=\"elementor-element elementor-element-3da2832 e-con-full e-flex e-con e-child\" data-id=\"3da2832\" data-element_type=\"container\" data-e-type=\"container\">\n\t\t<div class=\"elementor-element elementor-element-00d83a2 e-grid e-con-full e-con e-child\" data-id=\"00d83a2\" data-element_type=\"container\" data-e-type=\"container\">\n\t\t\t\t<div class=\"elementor-element elementor-element-dee9b75 elementor-cta--skin-cover elementor-cta--valign-middle elementor-animated-content elementor-bg-transform elementor-bg-transform-zoom-in elementor-widget elementor-widget-call-to-action\" data-id=\"dee9b75\" data-element_type=\"widget\" data-e-type=\"widget\" data-widget_type=\"call-to-action.default\">\n\t\t\t\t<div class=\"elementor-widget-container\">\n\t\t\t\t\t\t\t<a class=\"elementor-cta\" href=\"https:\/\/youtu.be\/YFmP_4p-Qo4\" target=\"_blank\">\n\t\t\t\t\t<div class=\"elementor-cta__bg-wrapper\">\n\t\t\t\t<div class=\"elementor-cta__bg elementor-bg\" style=\"background-image: url(https:\/\/tickets.peoplefone.shop\/wp-content\/uploads\/2025\/03\/Expert-Talk_27.02.2025_3CX.png);\" role=\"img\" aria-label=\"Expert-Talk_27.02.2025_3CX\"><\/div>\n\t\t\t\t<div class=\"elementor-cta__bg-overlay\"><\/div>\n\t\t\t<\/div>\n\t\t\t\t\t\t\t<div class=\"elementor-cta__content\">\n\t\t\t\t\n\t\t\t\t\n\t\t\t\t\n\t\t\t\t\t\t\t\t\t<div class=\"elementor-cta__button-wrapper elementor-cta__content-item elementor-content-item elementor-animated-item--grow\">\n\t\t\t\t\t<span class=\"elementor-cta__button elementor-button elementor-size-\">\n\t\t\t\t\t\tVers le TALK de f\u00e9vrier\t\t\t\t\t<\/span>\n\t\t\t\t\t<\/div>\n\t\t\t\t\t\t\t<\/div>\n\t\t\t\t\t\t<\/a>\n\t\t\t\t\t\t<\/div>\n\t\t\t\t<\/div>\n\t\t\t\t<div class=\"elementor-element elementor-element-16b16b9 elementor-cta--skin-cover elementor-cta--valign-middle elementor-animated-content elementor-bg-transform elementor-bg-transform-zoom-in elementor-widget elementor-widget-call-to-action\" data-id=\"16b16b9\" data-element_type=\"widget\" data-e-type=\"widget\" data-widget_type=\"call-to-action.default\">\n\t\t\t\t<div class=\"elementor-widget-container\">\n\t\t\t\t\t\t\t<a class=\"elementor-cta\" href=\"https:\/\/youtu.be\/bEhugOSHydk\" target=\"_blank\">\n\t\t\t\t\t<div class=\"elementor-cta__bg-wrapper\">\n\t\t\t\t<div class=\"elementor-cta__bg elementor-bg\" style=\"background-image: url(https:\/\/tickets.peoplefone.shop\/wp-content\/uploads\/2025\/03\/Expert-Talk_pf-MOBILE_20.03.2025.png);\" role=\"img\" aria-label=\"Expert-Talk_pf-MOBILE_20.03.2025\"><\/div>\n\t\t\t\t<div class=\"elementor-cta__bg-overlay\"><\/div>\n\t\t\t<\/div>\n\t\t\t\t\t\t\t<div class=\"elementor-cta__content\">\n\t\t\t\t\n\t\t\t\t\n\t\t\t\t\n\t\t\t\t\t\t\t\t\t<div class=\"elementor-cta__button-wrapper elementor-cta__content-item elementor-content-item elementor-animated-item--grow\">\n\t\t\t\t\t<span class=\"elementor-cta__button elementor-button elementor-size-\">\n\t\t\t\t\t\tVers le TALK de mars\t\t\t\t\t<\/span>\n\t\t\t\t\t<\/div>\n\t\t\t\t\t\t\t<\/div>\n\t\t\t\t\t\t<\/a>\n\t\t\t\t\t\t<\/div>\n\t\t\t\t<\/div>\n\t\t\t\t<\/div>\n\t\t\t\t<\/div>\n\t\t\t\t\t<\/div>\n\t\t\t\t<\/div>\n\t\t\t\t<\/div>\n\t\t","protected":false},"excerpt":{"rendered":"<p>peoplefone EXPERT-TALK Cette s\u00e9rie de webinaires a lieu \u00e0 intervalles irr\u00e9guliers. Les th\u00e8mes principaux sont, outre Microsoft Teams, 3CX et les produits internes peoplefone, les&hellip;<\/p>\n","protected":false},"author":1,"featured_media":0,"parent":0,"menu_order":0,"comment_status":"closed","ping_status":"closed","template":"","meta":{"footnotes":""},"class_list":["post-2747","page","type-page","status-publish","hentry"],"_links":{"self":[{"href":"https:\/\/tickets.peoplefone.shop\/index.php?rest_route=\/wp\/v2\/pages\/2747","targetHints":{"allow":["GET"]}}],"collection":[{"href":"https:\/\/tickets.peoplefone.shop\/index.php?rest_route=\/wp\/v2\/pages"}],"about":[{"href":"https:\/\/tickets.peoplefone.shop\/index.php?rest_route=\/wp\/v2\/types\/page"}],"author":[{"embeddable":true,"href":"https:\/\/tickets.peoplefone.shop\/index.php?rest_route=\/wp\/v2\/users\/1"}],"replies":[{"embeddable":true,"href":"https:\/\/tickets.peoplefone.shop\/index.php?rest_route=%2Fwp%2Fv2%2Fcomments&post=2747"}],"version-history":[{"count":19,"href":"https:\/\/tickets.peoplefone.shop\/index.php?rest_route=\/wp\/v2\/pages\/2747\/revisions"}],"predecessor-version":[{"id":2898,"href":"https:\/\/tickets.peoplefone.shop\/index.php?rest_route=\/wp\/v2\/pages\/2747\/revisions\/2898"}],"wp:attachment":[{"href":"https:\/\/tickets.peoplefone.shop\/index.php?rest_route=%2Fwp%2Fv2%2Fmedia&parent=2747"}],"curies":[{"name":"wp","href":"https:\/\/api.w.org\/{rel}","templated":true}]}}