{"id":2451,"date":"2024-12-08T08:12:26","date_gmt":"2024-12-08T07:12:26","guid":{"rendered":"https:\/\/tickets.peoplefone.shop\/?page_id=2451"},"modified":"2026-04-13T15:59:15","modified_gmt":"2026-04-13T13:59:15","slug":"microsoft-teams-trainings","status":"publish","type":"page","link":"https:\/\/tickets.peoplefone.shop\/?page_id=2451&lang=fr","title":{"rendered":"Microsoft TEAMS Trainings"},"content":{"rendered":"\t\t<div data-elementor-type=\"wp-page\" data-elementor-id=\"2451\" class=\"elementor elementor-2451 elementor-2316\" data-elementor-post-type=\"page\">\n\t\t\t\t<div class=\"elementor-element elementor-element-203a610 e-flex e-con-boxed e-con e-parent\" data-id=\"203a610\" data-element_type=\"container\" data-e-type=\"container\">\n\t\t\t\t\t<div class=\"e-con-inner\">\n\t\t\t\t<div class=\"elementor-element elementor-element-02e5479 elementor-widget elementor-widget-heading\" data-id=\"02e5479\" data-element_type=\"widget\" data-e-type=\"widget\" data-widget_type=\"heading.default\">\n\t\t\t\t<div class=\"elementor-widget-container\">\n\t\t\t\t\t<h2 class=\"elementor-heading-title elementor-size-default\">Microsoft TEAMS Trainings<\/h2>\t\t\t\t<\/div>\n\t\t\t\t<\/div>\n\t\t\t\t\t<\/div>\n\t\t\t\t<\/div>\n\t\t<div class=\"elementor-element elementor-element-916035b e-flex e-con-boxed e-con e-parent\" data-id=\"916035b\" data-element_type=\"container\" data-e-type=\"container\">\n\t\t\t\t\t<div class=\"e-con-inner\">\n\t\t\t\t<div class=\"elementor-element elementor-element-16448ba elementor-widget elementor-widget-spacer\" data-id=\"16448ba\" data-element_type=\"widget\" data-e-type=\"widget\" data-widget_type=\"spacer.default\">\n\t\t\t\t<div class=\"elementor-widget-container\">\n\t\t\t\t\t\t\t<div class=\"elementor-spacer\">\n\t\t\t<div class=\"elementor-spacer-inner\"><\/div>\n\t\t<\/div>\n\t\t\t\t\t\t<\/div>\n\t\t\t\t<\/div>\n\t\t\t\t\t<\/div>\n\t\t\t\t<\/div>\n\t\t<div class=\"elementor-element elementor-element-02d9efd e-flex e-con-boxed e-con e-parent\" data-id=\"02d9efd\" data-element_type=\"container\" data-e-type=\"container\">\n\t\t\t\t\t<div class=\"e-con-inner\">\n\t\t<div class=\"elementor-element elementor-element-70f95ce e-con-full e-flex e-con e-child\" data-id=\"70f95ce\" data-element_type=\"container\" data-e-type=\"container\">\n\t\t\t\t<div class=\"elementor-element elementor-element-1a08385 elementor-widget elementor-widget-image\" data-id=\"1a08385\" data-element_type=\"widget\" data-e-type=\"widget\" data-widget_type=\"image.default\">\n\t\t\t\t<div class=\"elementor-widget-container\">\n\t\t\t\t\t\t\t\t\t\t\t\t\t\t\t<img fetchpriority=\"high\" decoding=\"async\" width=\"584\" height=\"410\" src=\"https:\/\/tickets.peoplefone.shop\/wp-content\/uploads\/2024\/12\/csm_microsoft_teams_screen_2324ca0f2b.webp\" class=\"attachment-large size-large wp-image-2320\" alt=\"\" srcset=\"https:\/\/tickets.peoplefone.shop\/wp-content\/uploads\/2024\/12\/csm_microsoft_teams_screen_2324ca0f2b.webp 584w, https:\/\/tickets.peoplefone.shop\/wp-content\/uploads\/2024\/12\/csm_microsoft_teams_screen_2324ca0f2b-300x211.webp 300w\" sizes=\"(max-width: 584px) 100vw, 584px\" \/>\t\t\t\t\t\t\t\t\t\t\t\t\t\t\t<\/div>\n\t\t\t\t<\/div>\n\t\t\t\t<div class=\"elementor-element elementor-element-6ab971d elementor-align-center elementor-widget elementor-widget-button\" data-id=\"6ab971d\" data-element_type=\"widget\" data-e-type=\"widget\" data-widget_type=\"button.default\">\n\t\t\t\t<div class=\"elementor-widget-container\">\n\t\t\t\t\t\t\t\t\t<div class=\"elementor-button-wrapper\">\n\t\t\t\t\t<a class=\"elementor-button elementor-button-link elementor-size-sm\" href=\"https:\/\/tickets.peoplefone.shop\/?page_id=545&#038;lang=fr\">\n\t\t\t\t\t\t<span class=\"elementor-button-content-wrapper\">\n\t\t\t\t\t\t\t\t\t<span class=\"elementor-button-text\">Inscription<\/span>\n\t\t\t\t\t<\/span>\n\t\t\t\t\t<\/a>\n\t\t\t\t<\/div>\n\t\t\t\t\t\t\t\t<\/div>\n\t\t\t\t<\/div>\n\t\t\t\t<\/div>\n\t\t<div class=\"elementor-element elementor-element-3f39329 e-con-full e-flex e-con e-child\" data-id=\"3f39329\" data-element_type=\"container\" data-e-type=\"container\">\n\t\t\t\t<div class=\"elementor-element elementor-element-7740235 elementor-widget elementor-widget-heading\" data-id=\"7740235\" data-element_type=\"widget\" data-e-type=\"widget\" data-widget_type=\"heading.default\">\n\t\t\t\t<div class=\"elementor-widget-container\">\n\t\t\t\t\t<h3 class=\"elementor-heading-title elementor-size-default\">peoplefone Microsoft Teams Training<\/h3>\t\t\t\t<\/div>\n\t\t\t\t<\/div>\n\t\t\t\t<div class=\"elementor-element elementor-element-633d736 elementor-widget elementor-widget-text-editor\" data-id=\"633d736\" data-element_type=\"widget\" data-e-type=\"widget\" data-widget_type=\"text-editor.default\">\n\t\t\t\t<div class=\"elementor-widget-container\">\n\t\t\t\t\t\t\t\t\t<p>La formation peoplefone TEAMS Basic Training est le cours id\u00e9al pour entrer dans le monde de la collaboration et communication Microsoft TEAMS. Ce cours d\u00e9di\u00e9 aux pre-sales et techniciens int\u00e9grateurs IT permet de bien comprendre l\u2019offre et l\u2019environnement de Microsoft 365 dans le cadre d\u2019un projet Microsoft TEAMS \u00ab Voice \u00bb..<\/p>\n\t\t\t\t\t\t\t\t<\/div>\n\t\t\t\t<\/div>\n\t\t\t\t<div class=\"elementor-element elementor-element-6aa350b elementor-widget elementor-widget-text-editor\" data-id=\"6aa350b\" data-element_type=\"widget\" data-e-type=\"widget\" data-widget_type=\"text-editor.default\">\n\t\t\t\t<div class=\"elementor-widget-container\">\n\t\t\t\t\t\t\t\t\t<p>Th\u00e8mes de la formation :<\/p>\n<ul>\n<li>Vue d\u2019ensemble des fonctions sur Microsoft Teams (mise \u00e0 jour des options 2023)<\/li>\n<li>Pr\u00e9sentation des options pour la t\u00e9l\u00e9phonie sur Teams<\/li>\n<li>Teams Rooms, options &amp; composants<\/li>\n<li>Mat\u00e9riel certifi\u00e9 Teams : gestion centralis\u00e9e<\/li>\n<li>Direct Routing vs Operator Connect : que choisir ?<\/li>\n<li>Direct Routing : configuration<\/li>\n<\/ul>\n\t\t\t\t\t\t\t\t<\/div>\n\t\t\t\t<\/div>\n\t\t\t\t<div class=\"elementor-element elementor-element-20e1ba6 elementor-widget elementor-widget-price-list\" data-id=\"20e1ba6\" data-element_type=\"widget\" data-e-type=\"widget\" data-widget_type=\"price-list.default\">\n\t\t\t\t<div class=\"elementor-widget-container\">\n\t\t\t\t\t\n\t\t<ul class=\"elementor-price-list\">\n\n\t\t\t\t\t\t\t\t\t<li><a class=\"elementor-price-list-item\" href=\"#\">\t\t\t\t\n\t\t\t\t<div class=\"elementor-price-list-text\">\n\t\t\t\t\t\t\t\t\t<div class=\"elementor-price-list-header\">\n\t\t\t\t\t\t\t\t\t\t\t<span class=\"elementor-price-list-title\">\n\t\t\t\t\t\t\tLes prix de cours s'\u00e9l\u00e8vent \u00e0\t\t\t\t\t\t<\/span>\n\t\t\t\t\t\t\t\t\t\t\t\t\t\t\t\t\t\t<span class=\"elementor-price-list-separator\"><\/span>\n\t\t\t\t\t\t\t\t\t\t\t\t\t\t\t\t\t\t\t<span class=\"elementor-price-list-price\">CHF 850.- incl. VAT<\/span>\n\t\t\t\t\t\t\t\t\t\t<\/div>\n\t\t\t\t\t\t\t\t\t\t\t\t<\/div>\n\t\t\t\t<\/a><\/li>\t\t\t\t\t\t\t\t\t\t\t\t<li><a class=\"elementor-price-list-item\" href=\"#\">\t\t\t\t\n\t\t\t\t<div class=\"elementor-price-list-text\">\n\t\t\t\t\t\t\t\t\t<div class=\"elementor-price-list-header\">\n\t\t\t\t\t\t\t\t\t\t\t<span class=\"elementor-price-list-title\">\n\t\t\t\t\t\t\tPour les partenaires peoplefone\t\t\t\t\t\t<\/span>\n\t\t\t\t\t\t\t\t\t\t\t\t\t\t\t\t\t\t<span class=\"elementor-price-list-separator\"><\/span>\n\t\t\t\t\t\t\t\t\t\t\t\t\t\t\t\t\t\t\t<span class=\"elementor-price-list-price\">CHF 435.- incl. VAT.<\/span>\n\t\t\t\t\t\t\t\t\t\t<\/div>\n\t\t\t\t\t\t\t\t\t\t\t\t<\/div>\n\t\t\t\t<\/a><\/li>\t\t\t\t\t\n\t\t<\/ul>\n\n\t\t\t\t\t\t<\/div>\n\t\t\t\t<\/div>\n\t\t\t\t<\/div>\n\t\t\t\t\t<\/div>\n\t\t\t\t<\/div>\n\t\t<div class=\"elementor-element elementor-element-4ed6b76 e-flex e-con-boxed e-con e-parent\" data-id=\"4ed6b76\" data-element_type=\"container\" data-e-type=\"container\">\n\t\t\t\t\t<div class=\"e-con-inner\">\n\t\t\t\t<div class=\"elementor-element elementor-element-8ff75e7 elementor-widget elementor-widget-shortcode\" data-id=\"8ff75e7\" data-element_type=\"widget\" data-e-type=\"widget\" data-widget_type=\"shortcode.default\">\n\t\t\t\t<div class=\"elementor-widget-container\">\n\t\t\t\t\t\t\t<div class=\"elementor-shortcode\">\n<table id=\"tablepress-222\" class=\"tablepress tablepress-id-222\">\n<thead>\n<tr class=\"row-1\">\n\t<th class=\"column-1\"><h3><strong>Date<\/strong><\/h3><\/th><th class=\"column-2\"><h3><strong>Sujet<\/strong><\/h3><\/th><th class=\"column-3\"><h3><strong>Lieu<\/strong><\/h3><\/th><th class=\"column-4\"><h3><strong>Langue<\/strong><\/h3><\/th><th class=\"column-5\"><h3><strong>Co\u00fbts<\/strong><\/h3><\/th><th class=\"column-6\"><h3><strong>Plus d'infos<\/strong><\/h3><\/th>\n<\/tr>\n<\/thead>\n<tbody class=\"row-striping row-hover\">\n<\/tbody>\n<\/table>\n<\/div>\n\t\t\t\t\t\t<\/div>\n\t\t\t\t<\/div>\n\t\t\t\t\t<\/div>\n\t\t\t\t<\/div>\n\t\t\t\t<\/div>\n\t\t","protected":false},"excerpt":{"rendered":"<p>Microsoft TEAMS Trainings Inscription peoplefone Microsoft Teams Training La formation peoplefone TEAMS Basic Training est le cours id\u00e9al pour entrer dans le monde de la&hellip;<\/p>\n","protected":false},"author":1,"featured_media":0,"parent":0,"menu_order":0,"comment_status":"closed","ping_status":"closed","template":"","meta":{"footnotes":""},"class_list":["post-2451","page","type-page","status-publish","hentry"],"_links":{"self":[{"href":"https:\/\/tickets.peoplefone.shop\/index.php?rest_route=\/wp\/v2\/pages\/2451","targetHints":{"allow":["GET"]}}],"collection":[{"href":"https:\/\/tickets.peoplefone.shop\/index.php?rest_route=\/wp\/v2\/pages"}],"about":[{"href":"https:\/\/tickets.peoplefone.shop\/index.php?rest_route=\/wp\/v2\/types\/page"}],"author":[{"embeddable":true,"href":"https:\/\/tickets.peoplefone.shop\/index.php?rest_route=\/wp\/v2\/users\/1"}],"replies":[{"embeddable":true,"href":"https:\/\/tickets.peoplefone.shop\/index.php?rest_route=%2Fwp%2Fv2%2Fcomments&post=2451"}],"version-history":[{"count":7,"href":"https:\/\/tickets.peoplefone.shop\/index.php?rest_route=\/wp\/v2\/pages\/2451\/revisions"}],"predecessor-version":[{"id":3046,"href":"https:\/\/tickets.peoplefone.shop\/index.php?rest_route=\/wp\/v2\/pages\/2451\/revisions\/3046"}],"wp:attachment":[{"href":"https:\/\/tickets.peoplefone.shop\/index.php?rest_route=%2Fwp%2Fv2%2Fmedia&parent=2451"}],"curies":[{"name":"wp","href":"https:\/\/api.w.org\/{rel}","templated":true}]}}