{"id":2436,"date":"2024-12-07T14:24:41","date_gmt":"2024-12-07T13:24:41","guid":{"rendered":"https:\/\/tickets.peoplefone.shop\/?page_id=2436"},"modified":"2024-12-10T17:55:39","modified_gmt":"2024-12-10T16:55:39","slug":"ici-vous-acquerez-la-base","status":"publish","type":"page","link":"https:\/\/tickets.peoplefone.shop\/?page_id=2436&lang=fr","title":{"rendered":"Ici vous acqu\u00e9rez la base"},"content":{"rendered":"\t\t<div data-elementor-type=\"wp-page\" data-elementor-id=\"2436\" class=\"elementor elementor-2436 elementor-2295\" data-elementor-post-type=\"page\">\n\t\t\t\t<div class=\"elementor-element elementor-element-fff7ed1 e-flex e-con-boxed e-con e-parent\" data-id=\"fff7ed1\" data-element_type=\"container\" data-e-type=\"container\">\n\t\t\t\t\t<div class=\"e-con-inner\">\n\t\t<div class=\"elementor-element elementor-element-77c3695 e-con-full e-flex e-con e-child\" data-id=\"77c3695\" data-element_type=\"container\" data-e-type=\"container\">\n\t\t\t\t<div class=\"elementor-element elementor-element-61564e3 elementor-widget elementor-widget-image\" data-id=\"61564e3\" data-element_type=\"widget\" data-e-type=\"widget\" data-widget_type=\"image.default\">\n\t\t\t\t<div class=\"elementor-widget-container\">\n\t\t\t\t\t\t\t\t\t\t\t\t\t\t\t<img fetchpriority=\"high\" decoding=\"async\" width=\"584\" height=\"410\" src=\"https:\/\/tickets.peoplefone.shop\/wp-content\/uploads\/2024\/12\/csm_hand_with_gears_0c799bb8fa.webp\" class=\"attachment-large size-large wp-image-2299\" alt=\"\" srcset=\"https:\/\/tickets.peoplefone.shop\/wp-content\/uploads\/2024\/12\/csm_hand_with_gears_0c799bb8fa.webp 584w, https:\/\/tickets.peoplefone.shop\/wp-content\/uploads\/2024\/12\/csm_hand_with_gears_0c799bb8fa-300x211.webp 300w\" sizes=\"(max-width: 584px) 100vw, 584px\" \/>\t\t\t\t\t\t\t\t\t\t\t\t\t\t\t<\/div>\n\t\t\t\t<\/div>\n\t\t\t\t<div class=\"elementor-element elementor-element-4942adb elementor-widget__width-initial elementor-widget elementor-widget-price-list\" data-id=\"4942adb\" data-element_type=\"widget\" data-e-type=\"widget\" data-widget_type=\"price-list.default\">\n\t\t\t\t<div class=\"elementor-widget-container\">\n\t\t\t\t\t\n\t\t<ul class=\"elementor-price-list\">\n\n\t\t\t\t\t\t\t\t\t<li><a class=\"elementor-price-list-item\" href=\"#\">\t\t\t\t\n\t\t\t\t<div class=\"elementor-price-list-text\">\n\t\t\t\t\t\t\t\t\t<div class=\"elementor-price-list-header\">\n\t\t\t\t\t\t\t\t\t\t\t<span class=\"elementor-price-list-title\">\n\t\t\t\t\t\t\tVente, administration & SIP-TRUNK\t\t\t\t\t\t<\/span>\n\t\t\t\t\t\t\t\t\t\t\t\t\t\t\t\t\t\t<span class=\"elementor-price-list-separator\"><\/span>\n\t\t\t\t\t\t\t\t\t\t\t\t\t\t\t\t\t\t\t<span class=\"elementor-price-list-price\">CHF 48.- incl. VAT<\/span>\n\t\t\t\t\t\t\t\t\t\t<\/div>\n\t\t\t\t\t\t\t\t\t\t\t\t<\/div>\n\t\t\t\t<\/a><\/li>\t\t\t\t\t\t\t\t\t\t\t\t<li><a class=\"elementor-price-list-item\" href=\"#\">\t\t\t\t\n\t\t\t\t<div class=\"elementor-price-list-text\">\n\t\t\t\t\t\t\t\t\t<div class=\"elementor-price-list-header\">\n\t\t\t\t\t\t\t\t\t\t\t<span class=\"elementor-price-list-title\">\n\t\t\t\t\t\t\tpeoplefone HOSTED\t\t\t\t\t\t<\/span>\n\t\t\t\t\t\t\t\t\t\t\t\t\t\t\t\t\t\t<span class=\"elementor-price-list-separator\"><\/span>\n\t\t\t\t\t\t\t\t\t\t\t\t\t\t\t\t\t\t\t<span class=\"elementor-price-list-price\">CHF 48.- incl. VAT<\/span>\n\t\t\t\t\t\t\t\t\t\t<\/div>\n\t\t\t\t\t\t\t\t\t\t\t\t<\/div>\n\t\t\t\t<\/a><\/li>\t\t\t\t\t\n\t\t<\/ul>\n\n\t\t\t\t\t\t<\/div>\n\t\t\t\t<\/div>\n\t\t\t\t<\/div>\n\t\t<div class=\"elementor-element elementor-element-35f19c8 e-con-full e-flex e-con e-child\" data-id=\"35f19c8\" data-element_type=\"container\" data-e-type=\"container\">\n\t\t\t\t<div class=\"elementor-element elementor-element-44ddeab elementor-widget elementor-widget-heading\" data-id=\"44ddeab\" data-element_type=\"widget\" data-e-type=\"widget\" data-widget_type=\"heading.default\">\n\t\t\t\t<div class=\"elementor-widget-container\">\n\t\t\t\t\t<h3 class=\"elementor-heading-title elementor-size-default\">Ici vous acqu\u00e9rez la base<\/h3>\t\t\t\t<\/div>\n\t\t\t\t<\/div>\n\t\t\t\t<div class=\"elementor-element elementor-element-ffbe4d1 elementor-widget elementor-widget-text-editor\" data-id=\"ffbe4d1\" data-element_type=\"widget\" data-e-type=\"widget\" data-widget_type=\"text-editor.default\">\n\t\t\t\t<div class=\"elementor-widget-container\">\n\t\t\t\t\t\t\t\t\t<p>Nous offrons \u00e0 chaque nouveau partenaire d&#8217;installation la possibilit\u00e9 de suivre nos ateliers de certification dans les domaines suivants :<\/p><ul><li><strong>Vente, administration &amp; SIP-TRUNK<\/strong><\/li><li><strong>peoplefone HOSTED<\/strong><\/li><\/ul><p>A intervalles r\u00e9guliers, nous organisons des formations en pr\u00e9sentiel ou en ligne,\u00a0en rapport avec nos produits et solutions de t\u00e9l\u00e9phonie. Une formation intra-entreprise peut \u00e9galement \u00eatre organis\u00e9e pour autant qu&#8217;un nombre minimum de personnes soient inscrites.\u00a0ces formations sont d\u00e9di\u00e9es aux techniciens, ainsi qu&#8217;aux collaborateurs pre-sales.<\/p><p>Chaque participant re\u00e7oit un certificat \u00e0 la fin du cours. Gr\u00e2ce aux connaissances acquises lors de ces ateliers, vous pourrez conseiller et accompagner vos clients de fa\u00e7on autonome et efficiente. Ces certificats sont des \u00e9l\u00e9ments obligatoires pour obtenir le statut de &#8222;peoplefone Business Partner&#8220; et de &#8222;peoplefone Key Partner&#8220; et pour suivre d&#8217;autres cours peoplefone.\u00a0<\/p>\t\t\t\t\t\t\t\t<\/div>\n\t\t\t\t<\/div>\n\t\t\t\t<\/div>\n\t\t\t\t\t<\/div>\n\t\t\t\t<\/div>\n\t\t<div class=\"elementor-element elementor-element-39fe5be e-flex e-con-boxed e-con e-parent\" data-id=\"39fe5be\" data-element_type=\"container\" data-e-type=\"container\">\n\t\t\t\t\t<div class=\"e-con-inner\">\n\t\t<div class=\"elementor-element elementor-element-fcd9d5c e-con-full e-flex e-con e-child\" data-id=\"fcd9d5c\" data-element_type=\"container\" data-e-type=\"container\">\n\t\t\t\t<div class=\"elementor-element elementor-element-e5033cb elementor-widget elementor-widget-heading\" data-id=\"e5033cb\" data-element_type=\"widget\" data-e-type=\"widget\" data-widget_type=\"heading.default\">\n\t\t\t\t<div class=\"elementor-widget-container\">\n\t\t\t\t\t<h5 class=\"elementor-heading-title elementor-size-default\">FORMATION 1<\/h5>\t\t\t\t<\/div>\n\t\t\t\t<\/div>\n\t\t\t\t<div class=\"elementor-element elementor-element-2f128d6 elementor-widget elementor-widget-heading\" data-id=\"2f128d6\" data-element_type=\"widget\" data-e-type=\"widget\" data-widget_type=\"heading.default\">\n\t\t\t\t<div class=\"elementor-widget-container\">\n\t\t\t\t\t<h4 class=\"elementor-heading-title elementor-size-default\">Basic Training (Vente, administration &amp; SIP-TRUNK)<\/h4>\t\t\t\t<\/div>\n\t\t\t\t<\/div>\n\t\t\t\t<div class=\"elementor-element elementor-element-27febdc elementor-widget elementor-widget-text-editor\" data-id=\"27febdc\" data-element_type=\"widget\" data-e-type=\"widget\" data-widget_type=\"text-editor.default\">\n\t\t\t\t<div class=\"elementor-widget-container\">\n\t\t\t\t\t\t\t\t\t<ul><li>Processus administratifs de peoplefone<\/li><li>Portage de num\u00e9ros de t\u00e9l\u00e9phone<\/li><li>Acc\u00e8s au portail des partenaires<\/li><li>Fonctions de peoplefone SIP STANDARD<\/li><li>Configuration peoplefone SIP-TRUNK<\/li><li>Configuration manuelle de terminaux SIP<\/li><li>Application pour mobile \u2013 peoplefone APP<\/li><\/ul>\t\t\t\t\t\t\t\t<\/div>\n\t\t\t\t<\/div>\n\t\t\t\t<\/div>\n\t\t<div class=\"elementor-element elementor-element-071dc98 e-con-full e-flex e-con e-child\" data-id=\"071dc98\" data-element_type=\"container\" data-e-type=\"container\">\n\t\t\t\t<div class=\"elementor-element elementor-element-4c4d99b elementor-widget elementor-widget-heading\" data-id=\"4c4d99b\" data-element_type=\"widget\" data-e-type=\"widget\" data-widget_type=\"heading.default\">\n\t\t\t\t<div class=\"elementor-widget-container\">\n\t\t\t\t\t<h5 class=\"elementor-heading-title elementor-size-default\">FORMATION 2<\/h5>\t\t\t\t<\/div>\n\t\t\t\t<\/div>\n\t\t\t\t<div class=\"elementor-element elementor-element-0a91c30 elementor-widget elementor-widget-heading\" data-id=\"0a91c30\" data-element_type=\"widget\" data-e-type=\"widget\" data-widget_type=\"heading.default\">\n\t\t\t\t<div class=\"elementor-widget-container\">\n\t\t\t\t\t<h4 class=\"elementor-heading-title elementor-size-default\">peoplefone HOSTED<\/h4>\t\t\t\t<\/div>\n\t\t\t\t<\/div>\n\t\t\t\t<div class=\"elementor-element elementor-element-2236ab2 elementor-widget elementor-widget-text-editor\" data-id=\"2236ab2\" data-element_type=\"widget\" data-e-type=\"widget\" data-widget_type=\"text-editor.default\">\n\t\t\t\t<div class=\"elementor-widget-container\">\n\t\t\t\t\t\t\t\t\t<ul><li>Vue d\u2019ensemble de la solution de t\u00e9l\u00e9phonie<\/li><li>Description d\u00e9taill\u00e9e des fonctions<\/li><li>Cr\u00e9ation d\u2019un compte peoplefone HOSTED<\/li><li>Configuration d\u2019un projet client type<\/li><li>Auto-provisionnement de t\u00e9l\u00e9phones SIP<\/li><li>Int\u00e9gration du peoplefone SOFTPHONE<\/li><li>Fonction compl\u00e9mentaire IVR<\/li><\/ul>\t\t\t\t\t\t\t\t<\/div>\n\t\t\t\t<\/div>\n\t\t\t\t<\/div>\n\t\t\t\t\t<\/div>\n\t\t\t\t<\/div>\n\t\t<div class=\"elementor-element elementor-element-c8486ae e-flex e-con-boxed e-con e-parent\" data-id=\"c8486ae\" data-element_type=\"container\" data-e-type=\"container\">\n\t\t\t\t\t<div class=\"e-con-inner\">\n\t\t\t\t<div class=\"elementor-element elementor-element-12c907f elementor-widget elementor-widget-heading\" data-id=\"12c907f\" data-element_type=\"widget\" data-e-type=\"widget\" data-widget_type=\"heading.default\">\n\t\t\t\t<div class=\"elementor-widget-container\">\n\t\t\t\t\t<h4 class=\"elementor-heading-title elementor-size-default\">Termine<\/h4>\t\t\t\t<\/div>\n\t\t\t\t<\/div>\n\t\t\t\t<div class=\"elementor-element elementor-element-4ae571f elementor-widget elementor-widget-shortcode\" data-id=\"4ae571f\" data-element_type=\"widget\" data-e-type=\"widget\" data-widget_type=\"shortcode.default\">\n\t\t\t\t<div class=\"elementor-widget-container\">\n\t\t\t\t\t\t\t<div class=\"elementor-shortcode\">\n<table id=\"tablepress-220\" class=\"tablepress tablepress-id-220\">\n<thead>\n<tr class=\"row-1\">\n\t<th class=\"column-1\"><h3><strong>Date<\/strong><\/h3><\/th><th class=\"column-2\"><h3><strong>Sujet<\/strong><\/h3><\/th><th class=\"column-3\"><h3><strong>Lieu<\/strong><\/h3><\/th><th class=\"column-4\"><h3><strong>Langue<\/strong><\/h3><\/th><th class=\"column-5\"><h3><strong>Co\u00fbts<\/strong><\/h3><\/th><th class=\"column-6\"><h3><strong>Plus d'infos<\/strong><\/h3><\/th>\n<\/tr>\n<\/thead>\n<tbody class=\"row-striping row-hover\">\n<tr class=\"row-2\">\n\t<td class=\"column-1\"><strong>10.06.2026<\/strong><br \/>\n08h30 - 12h00<\/td><td class=\"column-2\">peoplefone Basic Training<\/td><td class=\"column-3\">peoplefone SA<br \/>\n1070 Puidoux<\/td><td class=\"column-4\">Fran\u00e7ais<\/td><td class=\"column-5\">CHF\u00a048.00<\/td><td class=\"column-6\"><a href=\"https:\/\/tickets.peoplefone.shop\/?page_id=213&amp;lang=fr\">Plus d'info<\/a><\/td>\n<\/tr>\n<tr class=\"row-3\">\n\t<td class=\"column-1\"><strong>17.06.2026<\/strong><br \/>\n08h30 - 12h00<\/td><td class=\"column-2\">peoplefone HOSTED<\/td><td class=\"column-3\">peoplefone SA<br \/>\n1070 Puidoux<\/td><td class=\"column-4\">Fran\u00e7ais<\/td><td class=\"column-5\">CHF\u00a048.00<\/td><td class=\"column-6\"><a href=\"https:\/\/tickets.peoplefone.shop\/?page_id=208&amp;lang=fr\">Plus d'info<\/a><\/td>\n<\/tr>\n<\/tbody>\n<\/table>\n<!-- #tablepress-220 from cache --><\/div>\n\t\t\t\t\t\t<\/div>\n\t\t\t\t<\/div>\n\t\t\t\t\t<\/div>\n\t\t\t\t<\/div>\n\t\t\t\t<\/div>\n\t\t","protected":false},"excerpt":{"rendered":"<p>Vente, administration &#038; SIP-TRUNK CHF 48.- incl. VAT peoplefone HOSTED CHF 48.- incl. VAT Ici vous acqu\u00e9rez la base Nous offrons \u00e0 chaque nouveau partenaire&hellip;<\/p>\n","protected":false},"author":1,"featured_media":0,"parent":0,"menu_order":0,"comment_status":"closed","ping_status":"closed","template":"","meta":{"footnotes":""},"class_list":["post-2436","page","type-page","status-publish","hentry"],"_links":{"self":[{"href":"https:\/\/tickets.peoplefone.shop\/index.php?rest_route=\/wp\/v2\/pages\/2436","targetHints":{"allow":["GET"]}}],"collection":[{"href":"https:\/\/tickets.peoplefone.shop\/index.php?rest_route=\/wp\/v2\/pages"}],"about":[{"href":"https:\/\/tickets.peoplefone.shop\/index.php?rest_route=\/wp\/v2\/types\/page"}],"author":[{"embeddable":true,"href":"https:\/\/tickets.peoplefone.shop\/index.php?rest_route=\/wp\/v2\/users\/1"}],"replies":[{"embeddable":true,"href":"https:\/\/tickets.peoplefone.shop\/index.php?rest_route=%2Fwp%2Fv2%2Fcomments&post=2436"}],"version-history":[{"count":10,"href":"https:\/\/tickets.peoplefone.shop\/index.php?rest_route=\/wp\/v2\/pages\/2436\/revisions"}],"predecessor-version":[{"id":2471,"href":"https:\/\/tickets.peoplefone.shop\/index.php?rest_route=\/wp\/v2\/pages\/2436\/revisions\/2471"}],"wp:attachment":[{"href":"https:\/\/tickets.peoplefone.shop\/index.php?rest_route=%2Fwp%2Fv2%2Fmedia&parent=2436"}],"curies":[{"name":"wp","href":"https:\/\/api.w.org\/{rel}","templated":true}]}}