{"id":2430,"date":"2024-12-07T11:12:30","date_gmt":"2024-12-07T10:12:30","guid":{"rendered":"https:\/\/tickets.peoplefone.shop\/?page_id=2430"},"modified":"2024-12-11T10:36:01","modified_gmt":"2024-12-11T09:36:01","slug":"peoplefone-3cx-essential-training","status":"publish","type":"page","link":"https:\/\/tickets.peoplefone.shop\/?page_id=2430&lang=fr","title":{"rendered":"peoplefone 3CX ESSENTIAL TRAINING"},"content":{"rendered":"\t\t<div data-elementor-type=\"wp-page\" data-elementor-id=\"2430\" class=\"elementor elementor-2430 elementor-2128\" data-elementor-post-type=\"page\">\n\t\t\t\t<div class=\"elementor-element elementor-element-203a610 e-flex e-con-boxed e-con e-parent\" data-id=\"203a610\" data-element_type=\"container\" data-e-type=\"container\">\n\t\t\t\t\t<div class=\"e-con-inner\">\n\t\t\t\t<div class=\"elementor-element elementor-element-02e5479 elementor-widget elementor-widget-heading\" data-id=\"02e5479\" data-element_type=\"widget\" data-e-type=\"widget\" data-widget_type=\"heading.default\">\n\t\t\t\t<div class=\"elementor-widget-container\">\n\t\t\t\t\t<h2 class=\"elementor-heading-title elementor-size-default\">3CX Technical Training<\/h2>\t\t\t\t<\/div>\n\t\t\t\t<\/div>\n\t\t\t\t\t<\/div>\n\t\t\t\t<\/div>\n\t\t<div class=\"elementor-element elementor-element-916035b e-flex e-con-boxed e-con e-parent\" data-id=\"916035b\" data-element_type=\"container\" data-e-type=\"container\">\n\t\t\t\t\t<div class=\"e-con-inner\">\n\t\t\t\t<div class=\"elementor-element elementor-element-16448ba elementor-widget elementor-widget-spacer\" data-id=\"16448ba\" data-element_type=\"widget\" data-e-type=\"widget\" data-widget_type=\"spacer.default\">\n\t\t\t\t<div class=\"elementor-widget-container\">\n\t\t\t\t\t\t\t<div class=\"elementor-spacer\">\n\t\t\t<div class=\"elementor-spacer-inner\"><\/div>\n\t\t<\/div>\n\t\t\t\t\t\t<\/div>\n\t\t\t\t<\/div>\n\t\t\t\t\t<\/div>\n\t\t\t\t<\/div>\n\t\t<div class=\"elementor-element elementor-element-02d9efd e-flex e-con-boxed e-con e-parent\" data-id=\"02d9efd\" data-element_type=\"container\" data-e-type=\"container\">\n\t\t\t\t\t<div class=\"e-con-inner\">\n\t\t<div class=\"elementor-element elementor-element-70f95ce e-con-full e-flex e-con e-child\" data-id=\"70f95ce\" data-element_type=\"container\" data-e-type=\"container\">\n\t\t\t\t<div class=\"elementor-element elementor-element-1a08385 elementor-widget elementor-widget-image\" data-id=\"1a08385\" data-element_type=\"widget\" data-e-type=\"widget\" data-widget_type=\"image.default\">\n\t\t\t\t<div class=\"elementor-widget-container\">\n\t\t\t\t\t\t\t\t\t\t\t\t\t\t\t<img fetchpriority=\"high\" decoding=\"async\" width=\"584\" height=\"410\" src=\"https:\/\/tickets.peoplefone.shop\/wp-content\/uploads\/2024\/12\/csm_3CX_Angebot_peoplefone_2015cde99f.webp\" class=\"attachment-large size-large wp-image-2132\" alt=\"\" srcset=\"https:\/\/tickets.peoplefone.shop\/wp-content\/uploads\/2024\/12\/csm_3CX_Angebot_peoplefone_2015cde99f.webp 584w, https:\/\/tickets.peoplefone.shop\/wp-content\/uploads\/2024\/12\/csm_3CX_Angebot_peoplefone_2015cde99f-300x211.webp 300w\" sizes=\"(max-width: 584px) 100vw, 584px\" \/>\t\t\t\t\t\t\t\t\t\t\t\t\t\t\t<\/div>\n\t\t\t\t<\/div>\n\t\t\t\t<div class=\"elementor-element elementor-element-6ab971d elementor-align-center elementor-widget elementor-widget-button\" data-id=\"6ab971d\" data-element_type=\"widget\" data-e-type=\"widget\" data-widget_type=\"button.default\">\n\t\t\t\t<div class=\"elementor-widget-container\">\n\t\t\t\t\t\t\t\t\t<div class=\"elementor-button-wrapper\">\n\t\t\t\t\t<a class=\"elementor-button elementor-button-link elementor-size-sm\" href=\"https:\/\/tickets.peoplefone.shop\/?page_id=309&#038;lang=fr\">\n\t\t\t\t\t\t<span class=\"elementor-button-content-wrapper\">\n\t\t\t\t\t\t\t\t\t<span class=\"elementor-button-text\">Inscription<\/span>\n\t\t\t\t\t<\/span>\n\t\t\t\t\t<\/a>\n\t\t\t\t<\/div>\n\t\t\t\t\t\t\t\t<\/div>\n\t\t\t\t<\/div>\n\t\t\t\t<\/div>\n\t\t<div class=\"elementor-element elementor-element-3f39329 e-con-full e-flex e-con e-child\" data-id=\"3f39329\" data-element_type=\"container\" data-e-type=\"container\">\n\t\t\t\t<div class=\"elementor-element elementor-element-7740235 elementor-widget elementor-widget-heading\" data-id=\"7740235\" data-element_type=\"widget\" data-e-type=\"widget\" data-widget_type=\"heading.default\">\n\t\t\t\t<div class=\"elementor-widget-container\">\n\t\t\t\t\t<h3 class=\"elementor-heading-title elementor-size-default\">peoplefone 3CX ESSENTIALS TRAINING<\/h3>\t\t\t\t<\/div>\n\t\t\t\t<\/div>\n\t\t\t\t<div class=\"elementor-element elementor-element-633d736 elementor-widget elementor-widget-text-editor\" data-id=\"633d736\" data-element_type=\"widget\" data-e-type=\"widget\" data-widget_type=\"text-editor.default\">\n\t\t\t\t<div class=\"elementor-widget-container\">\n\t\t\t\t\t\t\t\t\t<p>peoplefone organise des formations 3CX en collaboration avec un formateur local agr\u00e9\u00e9 3CX. Bas\u00e9es sur des exercices pratiques, elles permettent de bien conna\u00eetre les caract\u00e9ristiques techniques de la solution et apportent toute l\u2018information utile pour vous aider \u00e0 r\u00e9aliser et mettre en service des installations 3CX de fa\u00e7on autonome et efficiente. <\/p>\n\t\t\t\t\t\t\t\t<\/div>\n\t\t\t\t<\/div>\n\t\t\t\t<div class=\"elementor-element elementor-element-20e1ba6 elementor-widget elementor-widget-price-list\" data-id=\"20e1ba6\" data-element_type=\"widget\" data-e-type=\"widget\" data-widget_type=\"price-list.default\">\n\t\t\t\t<div class=\"elementor-widget-container\">\n\t\t\t\t\t\n\t\t<ul class=\"elementor-price-list\">\n\n\t\t\t\t\t\t\t\t\t<li><a class=\"elementor-price-list-item\" href=\"#\">\t\t\t\t\n\t\t\t\t<div class=\"elementor-price-list-text\">\n\t\t\t\t\t\t\t\t\t<div class=\"elementor-price-list-header\">\n\t\t\t\t\t\t\t\t\t\t\t<span class=\"elementor-price-list-title\">\n\t\t\t\t\t\t\tInt\u00e9grateurs sans peoplefone PARTENAIRES\t\t\t\t\t\t<\/span>\n\t\t\t\t\t\t\t\t\t\t\t\t\t\t\t\t\t\t<span class=\"elementor-price-list-separator\"><\/span>\n\t\t\t\t\t\t\t\t\t\t\t\t\t\t\t\t\t\t\t<span class=\"elementor-price-list-price\">CHF 670.- inkl. MwSt. <\/span>\n\t\t\t\t\t\t\t\t\t\t<\/div>\n\t\t\t\t\t\t\t\t\t\t\t\t\t\t\t<p class=\"elementor-price-list-description\">\n\t\t\t\t\t\t\tLa formation de base 3CX est un support id\u00e9al pour am\u00e9liorer vos connaissances, optimiser vos processus techniques et ainsi \u00e9conomiser un temps pr\u00e9cieux. En collaboration avec un formateur local agr\u00e9\u00e9 3CX, nous vous offrons une r\u00e9elle exp\u00e9rience d'int\u00e9gration de la solution 3CX v20, gr\u00e2ce \u00e0 des exercices pratiques.\n\nCe cours de deux jours est destin\u00e9 \u00e0 tous les collaborateurs techniques qui souhaitent acqu\u00e9rir le savoir-faire 3CX.\n\nPrix du cours par participant : CHF 670.- pour les partenaires peoplefone  \/ CHF 870.- pour les non partenaires. \t\t\t\t\t\t<\/p>\n\t\t\t\t\t\t\t\t<\/div>\n\t\t\t\t<\/a><\/li>\t\t\t\t\t\n\t\t<\/ul>\n\n\t\t\t\t\t\t<\/div>\n\t\t\t\t<\/div>\n\t\t\t\t<\/div>\n\t\t\t\t\t<\/div>\n\t\t\t\t<\/div>\n\t\t<div class=\"elementor-element elementor-element-64b1196 e-flex e-con-boxed e-con e-parent\" data-id=\"64b1196\" data-element_type=\"container\" data-e-type=\"container\">\n\t\t\t\t\t<div class=\"e-con-inner\">\n\t\t\t\t<div class=\"elementor-element elementor-element-f8f956e elementor-widget elementor-widget-shortcode\" data-id=\"f8f956e\" data-element_type=\"widget\" data-e-type=\"widget\" data-widget_type=\"shortcode.default\">\n\t\t\t\t<div class=\"elementor-widget-container\">\n\t\t\t\t\t\t\t<div class=\"elementor-shortcode\">\n<table id=\"tablepress-221\" class=\"tablepress tablepress-id-221\">\n<thead>\n<tr class=\"row-1\">\n\t<th class=\"column-1\"><h3><strong>Date<\/strong><\/h3><\/th><th class=\"column-2\"><h3><strong>Sujet<\/strong><\/h3><\/th><th class=\"column-3\"><h3><strong>Lieu<\/strong><\/h3><\/th><th class=\"column-4\"><h3><strong>Langue<\/strong><\/h3><\/th><th class=\"column-5\"><h3><strong>Co\u00fbts<\/strong><\/h3><\/th><th class=\"column-6\"><h3><strong>Plus d'infos<\/strong><\/h3><\/th>\n<\/tr>\n<\/thead>\n<tbody class=\"row-striping row-hover\">\n<tr class=\"row-2\">\n\t<td class=\"column-1\"><strong>06.05 + 07.05.2026<\/strong><br \/>\n08h00 - 17h00<\/td><td class=\"column-2\">peoplefone 3CX ESSENTIALS TRAINING<\/td><td class=\"column-3\">peoplefone SA<br \/>\n1070 Puidoux<\/td><td class=\"column-4\">Fran\u00e7ais<\/td><td class=\"column-5\">CHF\u00a0670.00<\/td><td class=\"column-6\"><a href=\"https:\/\/tickets.peoplefone.shop\/?page_id=309&amp;lang=fr\"> \tPlus d'information et inscription<\/a><\/td>\n<\/tr>\n<tr class=\"row-3\">\n\t<td class=\"column-1\"><strong>11.11 + 12.11.2026<\/strong><br \/>\n08h00 - 17h00<\/td><td class=\"column-2\">peoplefone 3CX ESSENTIALS TRAINING<\/td><td class=\"column-3\">peoplefone SA<br \/>\n1070 Puidoux<\/td><td class=\"column-4\">Fran\u00e7ais<\/td><td class=\"column-5\">CHF\u00a0670.00<\/td><td class=\"column-6\"><a href=\"https:\/\/tickets.peoplefone.shop\/?page_id=309&amp;lang=fr\"> \tPlus d'information et inscription<\/a><\/td>\n<\/tr>\n<\/tbody>\n<\/table>\n<\/div>\n\t\t\t\t\t\t<\/div>\n\t\t\t\t<\/div>\n\t\t\t\t\t<\/div>\n\t\t\t\t<\/div>\n\t\t<div class=\"elementor-element elementor-element-2586e5b e-flex e-con-boxed e-con e-parent\" data-id=\"2586e5b\" data-element_type=\"container\" data-e-type=\"container\">\n\t\t\t\t\t<div class=\"e-con-inner\">\n\t\t\t\t<div class=\"elementor-element elementor-element-aebd75b elementor-widget elementor-widget-spacer\" data-id=\"aebd75b\" data-element_type=\"widget\" data-e-type=\"widget\" data-widget_type=\"spacer.default\">\n\t\t\t\t<div class=\"elementor-widget-container\">\n\t\t\t\t\t\t\t<div class=\"elementor-spacer\">\n\t\t\t<div class=\"elementor-spacer-inner\"><\/div>\n\t\t<\/div>\n\t\t\t\t\t\t<\/div>\n\t\t\t\t<\/div>\n\t\t\t\t\t<\/div>\n\t\t\t\t<\/div>\n\t\t<div class=\"elementor-element elementor-element-4e32a51 elementor-hidden-desktop elementor-hidden-tablet elementor-hidden-mobile e-flex e-con-boxed e-con e-parent\" data-id=\"4e32a51\" data-element_type=\"container\" data-e-type=\"container\">\n\t\t\t\t\t<div class=\"e-con-inner\">\n\t\t<div class=\"elementor-element elementor-element-4ec3113 e-con-full e-flex e-con e-child\" data-id=\"4ec3113\" data-element_type=\"container\" data-e-type=\"container\">\n\t\t\t\t<div class=\"elementor-element elementor-element-aabcf55 elementor-widget elementor-widget-image\" data-id=\"aabcf55\" data-element_type=\"widget\" data-e-type=\"widget\" data-widget_type=\"image.default\">\n\t\t\t\t<div class=\"elementor-widget-container\">\n\t\t\t\t\t\t\t\t\t\t\t\t\t\t\t<img decoding=\"async\" width=\"584\" height=\"410\" src=\"https:\/\/tickets.peoplefone.shop\/wp-content\/uploads\/2024\/12\/csm_3CX_Management_Console_Mobile_Devices_2c4b2f3017.webp\" class=\"attachment-large size-large wp-image-2136\" alt=\"\" srcset=\"https:\/\/tickets.peoplefone.shop\/wp-content\/uploads\/2024\/12\/csm_3CX_Management_Console_Mobile_Devices_2c4b2f3017.webp 584w, https:\/\/tickets.peoplefone.shop\/wp-content\/uploads\/2024\/12\/csm_3CX_Management_Console_Mobile_Devices_2c4b2f3017-300x211.webp 300w\" sizes=\"(max-width: 584px) 100vw, 584px\" \/>\t\t\t\t\t\t\t\t\t\t\t\t\t\t\t<\/div>\n\t\t\t\t<\/div>\n\t\t\t\t<div class=\"elementor-element elementor-element-90806fa elementor-align-center elementor-widget elementor-widget-button\" data-id=\"90806fa\" data-element_type=\"widget\" data-e-type=\"widget\" data-widget_type=\"button.default\">\n\t\t\t\t<div class=\"elementor-widget-container\">\n\t\t\t\t\t\t\t\t\t<div class=\"elementor-button-wrapper\">\n\t\t\t\t\t<a class=\"elementor-button elementor-button-link elementor-size-sm\" href=\"https:\/\/www.studerus.ch\/de\/kurse\/kursuebersicht\/3cx-callflow-designer\" target=\"_blank\">\n\t\t\t\t\t\t<span class=\"elementor-button-content-wrapper\">\n\t\t\t\t\t\t\t\t\t<span class=\"elementor-button-text\">Inscription<\/span>\n\t\t\t\t\t<\/span>\n\t\t\t\t\t<\/a>\n\t\t\t\t<\/div>\n\t\t\t\t\t\t\t\t<\/div>\n\t\t\t\t<\/div>\n\t\t\t\t<\/div>\n\t\t<div class=\"elementor-element elementor-element-908078e e-con-full e-flex e-con e-child\" data-id=\"908078e\" data-element_type=\"container\" data-e-type=\"container\">\n\t\t\t\t<div class=\"elementor-element elementor-element-d3ee51d elementor-widget elementor-widget-heading\" data-id=\"d3ee51d\" data-element_type=\"widget\" data-e-type=\"widget\" data-widget_type=\"heading.default\">\n\t\t\t\t<div class=\"elementor-widget-container\">\n\t\t\t\t\t<h3 class=\"elementor-heading-title elementor-size-default\">3CX v20 - 3CX Callflow Designer, API und Script<\/h3>\t\t\t\t<\/div>\n\t\t\t\t<\/div>\n\t\t\t\t<div class=\"elementor-element elementor-element-d361432 elementor-widget elementor-widget-text-editor\" data-id=\"d361432\" data-element_type=\"widget\" data-e-type=\"widget\" data-widget_type=\"text-editor.default\">\n\t\t\t\t<div class=\"elementor-widget-container\">\n\t\t\t\t\t\t\t\t\t<p><strong>1-t\u00e4giger 3CX Intensiv-Kurs f\u00fcr Techniker<br \/><span style=\"color: var( --e-global-color-primary ); font-family: var( --e-global-typography-text-font-family ), Sans-serif; text-align: var(--text-align);\">Kursleiter: Roger Vogler, peoplefone AG<br \/>In Zusammenarbeit mit Studerus AG<\/span><\/strong><\/p>\n<p><span style=\"color: var( --e-global-color-primary ); font-family: var( --e-global-typography-text-font-family ), Sans-serif; font-weight: var( --e-global-typography-text-font-weight ); text-align: var(--text-align);\">Im Workshop zum Callflow Designer von 3CX lernen Sie, die Grenzen der 3CX zu sprengen und erstellen komplexe Abl\u00e4ufe, Automatisierungen und Anrufsteuerungen, welche die Anlage von Haus aus nicht abwickeln kann. <\/span><\/p>\n<p>Der Kurs richtet sich an bestehende 3CX-Partner, welche bereits einige Erfahrungen mit 3CX gesammelt haben und diese mit dem Callflow Designer auf das n\u00e4chste Level bringen m\u00f6chten.<\/p>\n<p>Kursziele:<\/p>\n<ul>\n<li>Sie kennen das Funktionsprinzip des Callflow Designers.<\/li>\n<li>Sie sind in der Lage, Kundenanforderungen in einem konkreten Ablauf abzubilden.<\/li>\n<li>Sie k\u00f6nnen automatische Anrufsteuerungen programmieren.<\/li>\n<\/ul>\n<p>Gute 3CX-Kenntnisse werden f\u00fcr diesen Kurz vorausgesetzt.<\/p>\n\t\t\t\t\t\t\t\t<\/div>\n\t\t\t\t<\/div>\n\t\t\t\t<div class=\"elementor-element elementor-element-0932901 elementor-widget elementor-widget-price-list\" data-id=\"0932901\" data-element_type=\"widget\" data-e-type=\"widget\" data-widget_type=\"price-list.default\">\n\t\t\t\t<div class=\"elementor-widget-container\">\n\t\t\t\t\t\n\t\t<ul class=\"elementor-price-list\">\n\n\t\t\t\t\t\t\t\t\t<li><a class=\"elementor-price-list-item\" href=\"#\">\t\t\t\t\n\t\t\t\t<div class=\"elementor-price-list-text\">\n\t\t\t\t\t\t\t\t\t<div class=\"elementor-price-list-header\">\n\t\t\t\t\t\t\t\t\t\t\t<span class=\"elementor-price-list-title\">\n\t\t\t\t\t\t\tPreis f\u00fcr den 1-t\u00e4gigen Workshop\t\t\t\t\t\t<\/span>\n\t\t\t\t\t\t\t\t\t\t\t\t\t\t\t\t\t\t<span class=\"elementor-price-list-separator\"><\/span>\n\t\t\t\t\t\t\t\t\t\t\t\t\t\t\t\t\t\t\t<span class=\"elementor-price-list-price\">CHF 490.- exkl. MwSt. <\/span>\n\t\t\t\t\t\t\t\t\t\t<\/div>\n\t\t\t\t\t\t\t\t\t\t\t\t\t\t\t<p class=\"elementor-price-list-description\">\n\t\t\t\t\t\t\tIm Workshop zum Callflow Designer von 3CX lernen Sie, die Grenzen der 3CX zu sprengen und erstellen komplexe Abl\u00e4ufe, Automatisierungen und Anrufsteuerungen, welche die Anlage von Haus aus nicht abwickeln kann. \t\t\t\t\t\t<\/p>\n\t\t\t\t\t\t\t\t<\/div>\n\t\t\t\t<\/a><\/li>\t\t\t\t\t\n\t\t<\/ul>\n\n\t\t\t\t\t\t<\/div>\n\t\t\t\t<\/div>\n\t\t\t\t<\/div>\n\t\t\t\t\t<\/div>\n\t\t\t\t<\/div>\n\t\t<div class=\"elementor-element elementor-element-9e6a62b elementor-hidden-desktop elementor-hidden-tablet elementor-hidden-mobile e-flex e-con-boxed e-con e-parent\" data-id=\"9e6a62b\" data-element_type=\"container\" data-e-type=\"container\">\n\t\t\t\t\t<div class=\"e-con-inner\">\n\t\t\t\t<div class=\"elementor-element elementor-element-aa203f8 elementor-widget elementor-widget-shortcode\" data-id=\"aa203f8\" data-element_type=\"widget\" data-e-type=\"widget\" data-widget_type=\"shortcode.default\">\n\t\t\t\t<div class=\"elementor-widget-container\">\n\t\t\t\t\t\t\t<div class=\"elementor-shortcode\">\n<table id=\"tablepress-219\" class=\"tablepress tablepress-id-219\">\n<thead>\n<tr class=\"row-1\">\n\t<th class=\"column-1\"><h3><strong>Datum<\/strong><\/h3><\/th><th class=\"column-2\"><h3><strong>Thema<\/strong><\/h3><\/th><th class=\"column-3\"><h3><strong>Ort<\/strong><\/h3><\/th><th class=\"column-4\"><h3><strong>Sprache<\/strong><\/h3><\/th><th class=\"column-5\"><h3><strong>Kosten<\/strong><\/h3><\/th><th class=\"column-6\"><h3><strong>Mehr Info<\/strong><\/h3><\/th>\n<\/tr>\n<\/thead>\n<tbody class=\"row-striping row-hover\">\n<tr class=\"row-2\">\n\t<td class=\"column-1\"><strong>12.03.2026<\/strong><br \/>\n09h00 - 17h00<\/td><td class=\"column-2\">3CX CallFlow Designer, API &amp; Script<\/td><td class=\"column-3\">Schwerzenbach<\/td><td class=\"column-4\">Deutsch<\/td><td class=\"column-5\">CHF\u00a0490.00<\/td><td class=\"column-6\"><a href=\"https:\/\/www.studerus.ch\/de\/kurse\/kursuebersicht\/3cx-callflow-designer\" rel=\"noopener\" target=\"_blank\">Weitere Informationen<\/a><\/td>\n<\/tr>\n<tr class=\"row-3\">\n\t<td class=\"column-1\"><strong>25.06.2026<\/strong><br \/>\n09h00 - 17h00<\/td><td class=\"column-2\">3CX CallFlow Designer, API &amp; Script<\/td><td class=\"column-3\">Schwerzenbach<\/td><td class=\"column-4\">Deutsch<\/td><td class=\"column-5\">CHF\u00a0490.00<\/td><td class=\"column-6\"><a href=\"https:\/\/www.studerus.ch\/de\/kurse\/kursuebersicht\/3cx-callflow-designer\" rel=\"noopener\" target=\"_blank\">Weitere Informationen<\/a><\/td>\n<\/tr>\n<\/tbody>\n<\/table>\n<!-- #tablepress-219 from cache --><\/div>\n\t\t\t\t\t\t<\/div>\n\t\t\t\t<\/div>\n\t\t\t\t\t<\/div>\n\t\t\t\t<\/div>\n\t\t\t\t<\/div>\n\t\t","protected":false},"excerpt":{"rendered":"<p>3CX Technical Training Inscription peoplefone 3CX ESSENTIALS TRAINING peoplefone organise des formations 3CX en collaboration avec un formateur local agr\u00e9\u00e9 3CX. Bas\u00e9es sur des exercices&hellip;<\/p>\n","protected":false},"author":1,"featured_media":0,"parent":0,"menu_order":0,"comment_status":"closed","ping_status":"closed","template":"","meta":{"footnotes":""},"class_list":["post-2430","page","type-page","status-publish","hentry"],"_links":{"self":[{"href":"https:\/\/tickets.peoplefone.shop\/index.php?rest_route=\/wp\/v2\/pages\/2430","targetHints":{"allow":["GET"]}}],"collection":[{"href":"https:\/\/tickets.peoplefone.shop\/index.php?rest_route=\/wp\/v2\/pages"}],"about":[{"href":"https:\/\/tickets.peoplefone.shop\/index.php?rest_route=\/wp\/v2\/types\/page"}],"author":[{"embeddable":true,"href":"https:\/\/tickets.peoplefone.shop\/index.php?rest_route=\/wp\/v2\/users\/1"}],"replies":[{"embeddable":true,"href":"https:\/\/tickets.peoplefone.shop\/index.php?rest_route=%2Fwp%2Fv2%2Fcomments&post=2430"}],"version-history":[{"count":16,"href":"https:\/\/tickets.peoplefone.shop\/index.php?rest_route=\/wp\/v2\/pages\/2430\/revisions"}],"predecessor-version":[{"id":2494,"href":"https:\/\/tickets.peoplefone.shop\/index.php?rest_route=\/wp\/v2\/pages\/2430\/revisions\/2494"}],"wp:attachment":[{"href":"https:\/\/tickets.peoplefone.shop\/index.php?rest_route=%2Fwp%2Fv2%2Fmedia&parent=2430"}],"curies":[{"name":"wp","href":"https:\/\/api.w.org\/{rel}","templated":true}]}}