{"id":1758,"date":"2024-01-30T16:57:51","date_gmt":"2024-01-30T15:57:51","guid":{"rendered":"https:\/\/tickets.peoplefone.shop\/?page_id=1758"},"modified":"2024-12-11T12:49:35","modified_gmt":"2024-12-11T11:49:35","slug":"peoplefone-keynote-2024","status":"publish","type":"page","link":"https:\/\/tickets.peoplefone.shop\/?page_id=1758&lang=fr","title":{"rendered":"peoplefone KEYNOTE 2025"},"content":{"rendered":"\t\t<div data-elementor-type=\"wp-page\" data-elementor-id=\"1758\" class=\"elementor elementor-1758 elementor-1744\" data-elementor-post-type=\"page\">\n\t\t\t\t<div class=\"elementor-element elementor-element-fff7ed1 e-flex e-con-boxed e-con e-parent\" data-id=\"fff7ed1\" data-element_type=\"container\" data-e-type=\"container\">\n\t\t\t\t\t<div class=\"e-con-inner\">\n\t\t<div class=\"elementor-element elementor-element-77c3695 e-con-full e-flex e-con e-child\" data-id=\"77c3695\" data-element_type=\"container\" data-e-type=\"container\">\n\t\t\t\t<div class=\"elementor-element elementor-element-df13cfc elementor-align-center elementor-widget elementor-widget-button\" data-id=\"df13cfc\" data-element_type=\"widget\" data-e-type=\"widget\" data-widget_type=\"button.default\">\n\t\t\t\t<div class=\"elementor-widget-container\">\n\t\t\t\t\t\t\t\t\t<div class=\"elementor-button-wrapper\">\n\t\t\t\t\t<a class=\"elementor-button elementor-button-link elementor-size-lg\" href=\"https:\/\/tickets.peoplefone.shop\/?page_id=1620&#038;lang=fr\">\n\t\t\t\t\t\t<span class=\"elementor-button-content-wrapper\">\n\t\t\t\t\t\t\t\t\t<span class=\"elementor-button-text\">Inscrivez-vous gratuitement d\u00e8s maintenant<\/span>\n\t\t\t\t\t<\/span>\n\t\t\t\t\t<\/a>\n\t\t\t\t<\/div>\n\t\t\t\t\t\t\t\t<\/div>\n\t\t\t\t<\/div>\n\t\t\t\t<div class=\"elementor-element elementor-element-a6f6e05 elementor-widget elementor-widget-image\" data-id=\"a6f6e05\" data-element_type=\"widget\" data-e-type=\"widget\" data-widget_type=\"image.default\">\n\t\t\t\t<div class=\"elementor-widget-container\">\n\t\t\t\t\t\t\t\t\t\t\t\t\t\t\t<img fetchpriority=\"high\" decoding=\"async\" width=\"843\" height=\"475\" src=\"https:\/\/tickets.peoplefone.shop\/wp-content\/uploads\/2024\/12\/Keynote-2025_banner_CH-fr_save-the-date-1024x577.png\" class=\"attachment-large size-large wp-image-2517\" alt=\"\" srcset=\"https:\/\/tickets.peoplefone.shop\/wp-content\/uploads\/2024\/12\/Keynote-2025_banner_CH-fr_save-the-date-1024x577.png 1024w, https:\/\/tickets.peoplefone.shop\/wp-content\/uploads\/2024\/12\/Keynote-2025_banner_CH-fr_save-the-date-300x169.png 300w, https:\/\/tickets.peoplefone.shop\/wp-content\/uploads\/2024\/12\/Keynote-2025_banner_CH-fr_save-the-date-768x433.png 768w, https:\/\/tickets.peoplefone.shop\/wp-content\/uploads\/2024\/12\/Keynote-2025_banner_CH-fr_save-the-date-1536x865.png 1536w, https:\/\/tickets.peoplefone.shop\/wp-content\/uploads\/2024\/12\/Keynote-2025_banner_CH-fr_save-the-date-2048x1154.png 2048w\" sizes=\"(max-width: 843px) 100vw, 843px\" \/>\t\t\t\t\t\t\t\t\t\t\t\t\t\t\t<\/div>\n\t\t\t\t<\/div>\n\t\t\t\t<\/div>\n\t\t<div class=\"elementor-element elementor-element-35f19c8 e-con-full e-flex e-con e-child\" data-id=\"35f19c8\" data-element_type=\"container\" data-e-type=\"container\">\n\t\t\t\t<div class=\"elementor-element elementor-element-44ddeab elementor-widget elementor-widget-heading\" data-id=\"44ddeab\" data-element_type=\"widget\" data-e-type=\"widget\" data-widget_type=\"heading.default\">\n\t\t\t\t<div class=\"elementor-widget-container\">\n\t\t\t\t\t<h2 class=\"elementor-heading-title elementor-size-default\">peoplefone KEYNOTE<\/h2>\t\t\t\t<\/div>\n\t\t\t\t<\/div>\n\t\t\t\t<div class=\"elementor-element elementor-element-ffbe4d1 elementor-widget elementor-widget-text-editor\" data-id=\"ffbe4d1\" data-element_type=\"widget\" data-e-type=\"widget\" data-widget_type=\"text-editor.default\">\n\t\t\t\t<div class=\"elementor-widget-container\">\n\t\t\t\t\t\t\t\t\t<p><strong>30. Janvier 2025<\/strong><br \/><strong>Online, 10h00 &#8211; 12h00 Uhr<\/strong><\/p>\n<p><strong>Vous apprendrez tout ce qu&#8217;il faut savoir sur le th\u00e8me des t\u00e9l\u00e9communications 2025 en 120 minutes seulement lors de la keynote peoplefone.<\/strong><\/p>\n\t\t\t\t\t\t\t\t<\/div>\n\t\t\t\t<\/div>\n\t\t\t\t<div class=\"elementor-element elementor-element-456c77c elementor-widget elementor-widget-text-editor\" data-id=\"456c77c\" data-element_type=\"widget\" data-e-type=\"widget\" data-widget_type=\"text-editor.default\">\n\t\t\t\t<div class=\"elementor-widget-container\">\n\t\t\t\t\t\t\t\t\t<p>Les th\u00e8mes principaux seront les trends et <strong>d\u00e9veloppements dans le secteur des t\u00e9l\u00e9communications<\/strong> et les <strong>roadmaps de peoplefone<\/strong>, <strong>3CX<\/strong> et <strong>Microsoft Teams<\/strong>.<\/p>\n<p>La KEYNOTE s&#8217;adresse \u00e0 tous les partenaires d&#8217;installation et de distribution IT, \u00e0 leurs directeurs et responsables des ventes, ainsi qu&#8217;\u00e0 toutes les personnes int\u00e9ress\u00e9es.<\/p>\n\t\t\t\t\t\t\t\t<\/div>\n\t\t\t\t<\/div>\n\t\t\t\t<\/div>\n\t\t\t\t\t<\/div>\n\t\t\t\t<\/div>\n\t\t<div class=\"elementor-element elementor-element-c8486ae e-flex e-con-boxed e-con e-parent\" data-id=\"c8486ae\" data-element_type=\"container\" data-e-type=\"container\">\n\t\t\t\t\t<div class=\"e-con-inner\">\n\t\t\t\t<div class=\"elementor-element elementor-element-12c907f elementor-widget elementor-widget-heading\" data-id=\"12c907f\" data-element_type=\"widget\" data-e-type=\"widget\" data-widget_type=\"heading.default\">\n\t\t\t\t<div class=\"elementor-widget-container\">\n\t\t\t\t\t<h4 class=\"elementor-heading-title elementor-size-default\">Programme<\/h4>\t\t\t\t<\/div>\n\t\t\t\t<\/div>\n\t\t\t\t<div class=\"elementor-element elementor-element-4ae571f elementor-widget elementor-widget-shortcode\" data-id=\"4ae571f\" data-element_type=\"widget\" data-e-type=\"widget\" data-widget_type=\"shortcode.default\">\n\t\t\t\t<div class=\"elementor-widget-container\">\n\t\t\t\t\t\t\t<div class=\"elementor-shortcode\">\n<table id=\"tablepress-223\" class=\"tablepress tablepress-id-223\">\n<tbody class=\"row-striping row-hover\">\n<tr class=\"row-1\">\n\t<td class=\"column-1\">10h00<\/td><td class=\"column-2\">Online Come Together<\/td><td class=\"column-3\"><\/td>\n<\/tr>\n<tr class=\"row-2\">\n\t<td class=\"column-1\">10h10<\/td><td class=\"column-2\">\tAcceuil et peoplefone Group Roadmap<\/td><td class=\"column-3\">\tChristophe Beaud, CEO peoplefone Groupe<\/td>\n<\/tr>\n<tr class=\"row-3\">\n\t<td class=\"column-1\">10h30<\/td><td class=\"column-2\">Update 3CX<\/td><td class=\"column-3\">\tSaravana Gnanadevane, Dirigeant responsable technique chez New-it <\/td>\n<\/tr>\n<tr class=\"row-4\">\n\t<td class=\"column-1\">11h00<\/td><td class=\"column-2\">\tUpdate Microsoft Teams et roadmap peoplefone <\/td><td class=\"column-3\">2 ateliers en parall\u00e8le<br \/>\n - pour la Suisse : Daniel Passera, Partner &amp; Account Manager chez peoplefone<br \/>\n - pour la France : Jean-Fran\u00e7ois Hernando, Sales Director France chez peoplefone<\/td>\n<\/tr>\n<tr class=\"row-5\">\n\t<td class=\"column-1\">11h30<\/td><td class=\"column-2\">\tFin de l'\u00e9v\u00e9nement<\/td><td class=\"column-3\"><\/td>\n<\/tr>\n<\/tbody>\n<\/table>\n<\/div>\n\t\t\t\t\t\t<\/div>\n\t\t\t\t<\/div>\n\t\t\t\t\t<\/div>\n\t\t\t\t<\/div>\n\t\t\t\t<\/div>\n\t\t","protected":false},"excerpt":{"rendered":"<p>Inscrivez-vous gratuitement d\u00e8s maintenant peoplefone KEYNOTE 30. Janvier 2025Online, 10h00 &#8211; 12h00 Uhr Vous apprendrez tout ce qu&#8217;il faut savoir sur le th\u00e8me des t\u00e9l\u00e9communications&hellip;<\/p>\n","protected":false},"author":1,"featured_media":0,"parent":0,"menu_order":0,"comment_status":"closed","ping_status":"closed","template":"","meta":{"footnotes":""},"class_list":["post-1758","page","type-page","status-publish","hentry"],"_links":{"self":[{"href":"https:\/\/tickets.peoplefone.shop\/index.php?rest_route=\/wp\/v2\/pages\/1758","targetHints":{"allow":["GET"]}}],"collection":[{"href":"https:\/\/tickets.peoplefone.shop\/index.php?rest_route=\/wp\/v2\/pages"}],"about":[{"href":"https:\/\/tickets.peoplefone.shop\/index.php?rest_route=\/wp\/v2\/types\/page"}],"author":[{"embeddable":true,"href":"https:\/\/tickets.peoplefone.shop\/index.php?rest_route=\/wp\/v2\/users\/1"}],"replies":[{"embeddable":true,"href":"https:\/\/tickets.peoplefone.shop\/index.php?rest_route=%2Fwp%2Fv2%2Fcomments&post=1758"}],"version-history":[{"count":15,"href":"https:\/\/tickets.peoplefone.shop\/index.php?rest_route=\/wp\/v2\/pages\/1758\/revisions"}],"predecessor-version":[{"id":2523,"href":"https:\/\/tickets.peoplefone.shop\/index.php?rest_route=\/wp\/v2\/pages\/1758\/revisions\/2523"}],"wp:attachment":[{"href":"https:\/\/tickets.peoplefone.shop\/index.php?rest_route=%2Fwp%2Fv2%2Fmedia&parent=1758"}],"curies":[{"name":"wp","href":"https:\/\/api.w.org\/{rel}","templated":true}]}}